{"id":2205,"date":"2022-09-29T00:56:40","date_gmt":"2022-09-29T00:56:40","guid":{"rendered":"https:\/\/demo.7iquid.com\/carmelina\/?page_id=2205"},"modified":"2026-04-04T18:07:50","modified_gmt":"2026-04-04T18:07:50","slug":"efteling","status":"publish","type":"page","link":"https:\/\/hotelpeperhuys.nl\/it\/efteling\/","title":{"rendered":"Offerta Efteling"},"content":{"rendered":"<div data-elementor-type=\"wp-page\" data-elementor-id=\"2205\" class=\"elementor elementor-2205\">\n\t\t\t\t        <section class=\"elementor-section elementor-top-section elementor-element elementor-element-698b519 elementor-section-full_width elementor-section-height-default elementor-section-height-default pxl-section-offset-none pxl-section-static-pos-no pxl-section-overflow-hidden-no pxl-container-margin-auto-no\" data-id=\"698b519\" data-element_type=\"section\" data-e-type=\"section\">\n\n                \n                <div class=\"elementor-container elementor-column-gap-wide\">\n                <div class=\"elementor-column elementor-col-50 elementor-top-column elementor-element elementor-element-0cda977 col-offset-none pxl-column-element-default pxl-column-overflow-hidden-no\" data-id=\"0cda977\" data-element_type=\"column\" data-e-type=\"column\">\r\n        <div class=\"elementor-widget-wrap elementor-element-populated\">\r\n                    \t\t<div class=\"elementor-element elementor-element-eb640de elementor-widget elementor-widget-video\" data-id=\"eb640de\" data-element_type=\"widget\" data-e-type=\"widget\" data-settings=\"{&quot;video_type&quot;:&quot;hosted&quot;,&quot;autoplay&quot;:&quot;yes&quot;,&quot;play_on_mobile&quot;:&quot;yes&quot;,&quot;mute&quot;:&quot;yes&quot;}\" data-widget_type=\"video.default\">\n\t\t\t\t\t\t\t<div class=\"e-hosted-video elementor-wrapper elementor-open-inline\">\n\t\t\t\t\t<video class=\"elementor-video\" src=\"https:\/\/hotelpeperhuys.nl\/wp-content\/uploads\/2026\/04\/Video-Efteling.mp4\" autoplay=\"\" muted=\"muted\" playsinline=\"\" controlslist=\"nodownload\"><\/video>\n\t\t\t\t<\/div>\n\t\t\t\t\t\t<\/div>\n\t\t                    <\/div>\r\n        <\/div>\r\n                <div class=\"elementor-column elementor-col-50 elementor-top-column elementor-element elementor-element-59cabc0 col-offset-none pxl-column-element-default pxl-column-overflow-hidden-no\" data-id=\"59cabc0\" data-element_type=\"column\" data-e-type=\"column\">\r\n        <div class=\"elementor-widget-wrap elementor-element-populated\">\r\n                    \t\t<div class=\"elementor-element elementor-element-94c6e17 elementor-widget elementor-widget-pxl_heading\" data-id=\"94c6e17\" data-element_type=\"widget\" data-e-type=\"widget\" data-widget_type=\"pxl_heading.default\">\n\t\t\t\t<div class=\"elementor-widget-container\">\n\t\t\t\t\t<div class=\"pxl-heading-wrap d-flex\">\n    <div class=\"pxl-heading-inner\">\n                <h2 class=\"heading-title\">\n                        AFFARE EFTELING         <\/h2>\n                    <div class=\"heading-subtitle\">\n                <div class=\"subtitle-text\">Rendi la tua visita all'Efteling ancora pi\u00f9 magica con la nostra Offerta Efteling appositamente studiata. Tutto \u00e8 organizzato per te, cos\u00ec puoi semplicemente rilassarti e goderti un soggiorno spensierato.<br \/>\n<br \/>\nDopo una giornata ricca di fiabe, giostre emozionanti e momenti indimenticabili, torna al comfort dell'Hotel \u2019t Peperhuys. Nessuno stress, nessuna fretta: solo un luogo caldo e accogliente dove rilassarti.<br \/>\n<br \/>\nStai pensando di visitare l'Efteling il giorno del tuo arrivo? Puoi lasciare i tuoi bagagli in hotel prima dell'apertura del parco, e ti registreremo subito in modo che tu possa iniziare la tua giornata senza alcun intoppo.<br \/>\n<br \/>\nNon \u00e8 necessario acquistare un biglietto per il parcheggio all'Efteling: vi indirizzeremo a un'area di parcheggio gratuita a soli 5 minuti a piedi dal parco. Preferite camminare? L'Efteling \u00e8 anche raggiungibile con una piacevole passeggiata di 15-20 minuti dall'hotel.<br \/>\n<br \/>\nCon il nostro check-in flessibile, puoi rientrare quando preferisci, anche dopo una lunga giornata al parco. La mattina seguente ti sveglierai con una ricca colazione a buffet, pronta per iniziare un'altra splendida giornata.<\/div>\n            <\/div>\n            <\/div>\n<\/div>\n\n\t\t\t\t<\/div>\n\t\t\t\t<\/div>\n\t\t\t\t<div class=\"elementor-element elementor-element-25c0304 elementor-align-center elementor-hidden-tablet elementor-widget elementor-widget-pxl_button\" data-id=\"25c0304\" data-element_type=\"widget\" data-e-type=\"widget\" data-widget_type=\"pxl_button.default\">\n\t\t\t\t<div class=\"elementor-widget-container\">\n\t\t\t\t\t<div id=\"pxl_button-25c0304-7475\" class=\"pxl-button-wrapper d-flex-wrap pxl-button-layout1\" >\r\n    <a href=\"https:\/\/booking.roomraccoon.nl\/Peperhuys\/nl\/?dateStart=&amp;dateEnd=\" class=\"pxl-btn default icon-ps-right\">\r\n        <span class=\"pxl-button-text\">Prenota qui la tua offerta Efteling<\/span>\r\n            <\/a>\r\n<\/div>\t\t\t\t<\/div>\n\t\t\t\t<\/div>\n\t\t                    <\/div>\r\n        <\/div>\r\n        \t\t\t<\/div>\n\t\t<\/section>\n\t\t        <section class=\"elementor-section elementor-top-section elementor-element elementor-element-7ec7a8d elementor-section-full_width elementor-section-stretched elementor-section-height-default elementor-section-height-default pxl-section-offset-none pxl-section-static-pos-no pxl-section-overflow-hidden-no pxl-container-margin-auto-no\" data-id=\"7ec7a8d\" data-element_type=\"section\" data-e-type=\"section\" data-settings=\"{&quot;stretch_section&quot;:&quot;section-stretched&quot;}\">\n\n                \n                <div class=\"elementor-container elementor-column-gap-default\">\n                <div class=\"elementor-column elementor-col-100 elementor-top-column elementor-element elementor-element-69401e8 col-offset-none pxl-column-element-default pxl-column-overflow-hidden-no\" data-id=\"69401e8\" data-element_type=\"column\" data-e-type=\"column\">\r\n        <div class=\"elementor-widget-wrap elementor-element-populated\">\r\n                    \t\t<div class=\"elementor-element elementor-element-e0753f9 pxl-swiper-arrows-true pxl-gallery-carousel-layout-1 pxl-swiper-dots-false pxl-swiper-dots-color-mode-df elementor-widget elementor-widget-pxl_gallery_carousel\" data-id=\"e0753f9\" data-element_type=\"widget\" data-e-type=\"widget\" data-settings=\"{&quot;dots_position&quot;:&quot;relative&quot;}\" data-widget_type=\"pxl_gallery_carousel.default\">\n\t\t\t\t<div class=\"elementor-widget-container\">\n\t\t\t\t\t \r\n<div class=\"pxl-swiper-slider pxl-gallery-carousel layout-1\">\r\n    <div class=\"pxl-swiper-slider-wrap pxl-carousel-inner overflow-hidden\">\r\n        <div class=\"pxl-swiper-container\" dir=\"ltr\" data-settings=\"{&quot;slide_direction&quot;:&quot;horizontal&quot;,&quot;slide_percolumn&quot;:1,&quot;slide_mode&quot;:&quot;slide&quot;,&quot;slides_to_show_xxl&quot;:1.82,&quot;slides_to_show&quot;:1.82,&quot;slides_to_show_lg&quot;:1.8,&quot;slides_to_show_md&quot;:1.8,&quot;slides_to_show_sm&quot;:1.8,&quot;slides_to_show_xs&quot;:1,&quot;slides_to_scroll&quot;:1,&quot;slides_gutter&quot;:30,&quot;center_slide&quot;:false,&quot;dots_style&quot;:&quot;bullets&quot;,&quot;autoplay&quot;:true,&quot;pause_on_hover&quot;:true,&quot;pause_on_interaction&quot;:true,&quot;delay&quot;:6000,&quot;loop&quot;:false,&quot;speed&quot;:500}\">\r\n            <div class=\"pxl-swiper-wrapper swiper-wrapper\">\r\n                                    <div class=\"pxl-swiper-slide swiper-slide\">\r\n                        <div class=\"item-inner relative overflow-hidden\">\r\n                                                            <div class=\"item-image relative\">\r\n                                    <img fetchpriority=\"high\" decoding=\"async\" class=\"no-lazyload\" src=\"https:\/\/hotelpeperhuys.nl\/wp-content\/uploads\/2026\/04\/Symbolica-Bloemen-op-de-voorgrond-van-het-paleis-scaled-e1775073178668-1000x611.jpg\" width=\"1000\" height=\"611\" alt=\"Symbolica - Fiori in primo piano del palazzo\" title=\"Symbolica - Fiori in primo piano del palazzo\" \/>                                <\/div>\r\n                                                    <\/div>\r\n                                            <\/div>\r\n                                    <div class=\"pxl-swiper-slide swiper-slide\">\r\n                        <div class=\"item-inner relative overflow-hidden\">\r\n                                                            <div class=\"item-image relative\">\r\n                                    <img decoding=\"async\" class=\"no-lazyload\" src=\"https:\/\/hotelpeperhuys.nl\/wp-content\/uploads\/2026\/04\/Joris-en-de-Draak-Broers-in-karretje-1-scaled-e1775072517590-1000x611.jpg\" width=\"1000\" height=\"611\" alt=\"Joris en de Draak - Fratelli in carro\" title=\"Joris en de Draak - Fratelli in carro\" \/>                                <\/div>\r\n                                                    <\/div>\r\n                                            <\/div>\r\n                                    <div class=\"pxl-swiper-slide swiper-slide\">\r\n                        <div class=\"item-inner relative overflow-hidden\">\r\n                                                            <div class=\"item-image relative\">\r\n                                    <img decoding=\"async\" class=\"no-lazyload\" src=\"https:\/\/hotelpeperhuys.nl\/wp-content\/uploads\/2026\/04\/Joris-en-de-Draak-Draak-met-achtbaantrein--scaled-e1775072535652-1000x611.jpg\" width=\"1000\" height=\"611\" alt=\"Joris en de Draak - Trenino a montagne russe del drago\" title=\"Joris en de Draak - Trenino a montagne russe del drago\" \/>                                <\/div>\r\n                                                    <\/div>\r\n                                            <\/div>\r\n                                    <div class=\"pxl-swiper-slide swiper-slide\">\r\n                        <div class=\"item-inner relative overflow-hidden\">\r\n                                                            <div class=\"item-image relative\">\r\n                                    <img loading=\"lazy\" decoding=\"async\" class=\"no-lazyload\" src=\"https:\/\/hotelpeperhuys.nl\/wp-content\/uploads\/2026\/04\/De-Vliegende-Hollander-Splash-scaled-e1775072576476-1000x611.jpg\" width=\"1000\" height=\"611\" alt=\"L&#039;Olandese Volante - Splash\" title=\"L&#039;Olandese Volante - Splash\" \/>                                <\/div>\r\n                                                    <\/div>\r\n                                            <\/div>\r\n                                    <div class=\"pxl-swiper-slide swiper-slide\">\r\n                        <div class=\"item-inner relative overflow-hidden\">\r\n                                                            <div class=\"item-image relative\">\r\n                                    <img loading=\"lazy\" decoding=\"async\" class=\"no-lazyload\" src=\"https:\/\/hotelpeperhuys.nl\/wp-content\/uploads\/2026\/04\/Pirana-Oma-en-kinderen-worden-nat-door-de-waterval-scaled-e1775072443661-1000x611.jpg\" width=\"1000\" height=\"611\" alt=\"Pira\u00f1a - Nonna e bambini si bagnano con la cascata\" title=\"Pira\u00f1a - Nonna e bambini si bagnano con la cascata\" \/>                                <\/div>\r\n                                                    <\/div>\r\n                                            <\/div>\r\n                                    <div class=\"pxl-swiper-slide swiper-slide\">\r\n                        <div class=\"item-inner relative overflow-hidden\">\r\n                                                            <div class=\"item-image relative\">\r\n                                    <img loading=\"lazy\" decoding=\"async\" class=\"no-lazyload\" src=\"https:\/\/hotelpeperhuys.nl\/wp-content\/uploads\/2026\/04\/Pardoes-de-Tovernar-en-Prinses-Pardijn-Met-meisje-voor-Symbolica-scaled-e1775072465706-1000x611.jpg\" width=\"1000\" height=\"611\" alt=\"Pardoes de Tovernar en Prinses Pardijn - Con ragazza per Symbolica\" title=\"Pardoes de Tovernar en Prinses Pardijn - Con ragazza per Symbolica\" \/>                                <\/div>\r\n                                                    <\/div>\r\n                                            <\/div>\r\n                                    <div class=\"pxl-swiper-slide swiper-slide\">\r\n                        <div class=\"item-inner relative overflow-hidden\">\r\n                                                            <div class=\"item-image relative\">\r\n                                    <img loading=\"lazy\" decoding=\"async\" class=\"no-lazyload\" src=\"https:\/\/hotelpeperhuys.nl\/wp-content\/uploads\/2026\/04\/Pirana-Bootje-bij-waterspuwers-scaled-e1775072593600-1000x611.jpg\" width=\"1000\" height=\"611\" alt=\"Pira\u00f1a - Barchetta con figure a spruzzo\" title=\"Pira\u00f1a - Barchetta con figure a spruzzo\" \/>                                <\/div>\r\n                                                    <\/div>\r\n                                            <\/div>\r\n                                    <div class=\"pxl-swiper-slide swiper-slide\">\r\n                        <div class=\"item-inner relative overflow-hidden\">\r\n                                                            <div class=\"item-image relative\">\r\n                                    <img loading=\"lazy\" decoding=\"async\" class=\"no-lazyload\" src=\"https:\/\/hotelpeperhuys.nl\/wp-content\/uploads\/2026\/04\/Pardoes-de-Tovernar-Voor-Symbolica-scaled-e1775072609324-1000x611.jpg\" width=\"1000\" height=\"611\" alt=\"Pardoes de Tovernar - Per Symbolica\" title=\"Pardoes de Tovernar - Per Symbolica\" \/>                                <\/div>\r\n                                                    <\/div>\r\n                                            <\/div>\r\n                                    <div class=\"pxl-swiper-slide swiper-slide\">\r\n                        <div class=\"item-inner relative overflow-hidden\">\r\n                                                            <div class=\"item-image relative\">\r\n                                    <img loading=\"lazy\" decoding=\"async\" class=\"no-lazyload\" src=\"https:\/\/hotelpeperhuys.nl\/wp-content\/uploads\/2026\/04\/Muzikale-Paddenstoel-Kinderen-bij-een-paddenstoel-scaled-e1775072625312-1000x611.jpg\" width=\"1000\" height=\"611\" alt=\"Fungo Musicale - Bambini vicino a un fungo\" title=\"Fungo Musicale - Bambini vicino a un fungo\" \/>                                <\/div>\r\n                                                    <\/div>\r\n                                            <\/div>\r\n                                    <div class=\"pxl-swiper-slide swiper-slide\">\r\n                        <div class=\"item-inner relative overflow-hidden\">\r\n                                                            <div class=\"item-image relative\">\r\n                                    <img loading=\"lazy\" decoding=\"async\" class=\"no-lazyload\" src=\"https:\/\/hotelpeperhuys.nl\/wp-content\/uploads\/2026\/04\/De-zes-Dienaren-Kinderen-kijken-naar-Langnek-scaled-e1775072641353-1000x611.jpg\" width=\"1000\" height=\"611\" alt=\"I Sei Servitori - I bambini guardano Langnek\" title=\"I Sei Servitori - I bambini guardano Langnek\" \/>                                <\/div>\r\n                                                    <\/div>\r\n                                            <\/div>\r\n                                    <div class=\"pxl-swiper-slide swiper-slide\">\r\n                        <div class=\"item-inner relative overflow-hidden\">\r\n                                                            <div class=\"item-image relative\">\r\n                                    <img loading=\"lazy\" decoding=\"async\" class=\"no-lazyload\" src=\"https:\/\/hotelpeperhuys.nl\/wp-content\/uploads\/2026\/04\/Max-Moritz-Gezin-in-karretje-scaled-e1775072502641-1000x611.jpg\" width=\"1000\" height=\"611\" alt=\"Max &amp; Moritz - Famiglia in carretto\" title=\"Max &amp; Moritz - Famiglia in carretto\" \/>                                <\/div>\r\n                                                    <\/div>\r\n                                            <\/div>\r\n                                    <div class=\"pxl-swiper-slide swiper-slide\">\r\n                        <div class=\"item-inner relative overflow-hidden\">\r\n                                                            <div class=\"item-image relative\">\r\n                                    <img loading=\"lazy\" decoding=\"async\" class=\"no-lazyload\" src=\"https:\/\/hotelpeperhuys.nl\/wp-content\/uploads\/2026\/04\/Pardoes-de-Tovernar-Krijgt-een-kus-van-een-meisje-scaled-e1775072486638-900x611.jpg\" width=\"900\" height=\"611\" alt=\"Pardoes de Tovernar - Riceve un bacio da una ragazza\" title=\"Pardoes de Tovernar - Riceve un bacio da una ragazza\" \/>                                <\/div>\r\n                                                    <\/div>\r\n                                            <\/div>\r\n                                    <div class=\"pxl-swiper-slide swiper-slide\">\r\n                        <div class=\"item-inner relative overflow-hidden\">\r\n                                                            <div class=\"item-image relative\">\r\n                                    <img loading=\"lazy\" decoding=\"async\" class=\"no-lazyload\" src=\"https:\/\/hotelpeperhuys.nl\/wp-content\/uploads\/2026\/04\/Python-Zussen-in-karretje-scaled-e1775073162850-1000x611.jpg\" width=\"1000\" height=\"611\" alt=\"Python - Sorelle sul carretto\" title=\"Python - Sorelle sul carretto\" \/>                                <\/div>\r\n                                                    <\/div>\r\n                                            <\/div>\r\n                                    <div class=\"pxl-swiper-slide swiper-slide\">\r\n                        <div class=\"item-inner relative overflow-hidden\">\r\n                                                            <div class=\"item-image relative\">\r\n                                    <img loading=\"lazy\" decoding=\"async\" class=\"no-lazyload\" src=\"https:\/\/hotelpeperhuys.nl\/wp-content\/uploads\/2026\/04\/Gondoletta-Pagode-op-de-achtergrond-in-golden-hour--scaled-e1775073194225-900x611.jpg\" width=\"900\" height=\"611\" alt=\"Gondola - Pagoda sullo sfondo all&#039;ora d&#039;oro\" title=\"Gondola - Pagoda sullo sfondo all&#039;ora d&#039;oro\" \/>                                <\/div>\r\n                                                    <\/div>\r\n                                            <\/div>\r\n                            <\/div>    \r\n        <\/div>\r\n    <\/div>\r\n            <div class=\"pxl-swiper-arrows nav-in-vertical\">\r\n            <div class=\"pxl-swiper-arrow pxl-swiper-arrow-prev\"><span class=\"pxl-icon pxli-left-arrow\"><\/span><\/div>\r\n            <div class=\"pxl-swiper-arrow pxl-swiper-arrow-next\"><span class=\"pxl-icon pxli-right-arrow\"><\/span><\/div>\r\n        <\/div>\r\n        <\/div>\r\n \r\n\t\t\t\t<\/div>\n\t\t\t\t<\/div>\n\t\t                    <\/div>\r\n        <\/div>\r\n        \t\t\t<\/div>\n\t\t<\/section>\n\t\t\t\t<\/div>","protected":false},"excerpt":{"rendered":"<p>https:\/\/hotelpeperhuys.nl\/wp-content\/uploads\/2026\/04\/Video-Efteling.mp4 EFTELING DEAL Make your visit to the Efteling even more magical with our specially designed Efteling Deal. Everything is arranged for you, so you can simply relax and enjoy a carefree stay. After a day full of fairy tales, thrilling rides, and unforgettable moments, return to the comfort of Hotel \u2019t Peperhuys. No stress, [&hellip;]<\/p>\n","protected":false},"author":1,"featured_media":0,"parent":0,"menu_order":0,"comment_status":"closed","ping_status":"closed","template":"","meta":{"footnotes":""},"class_list":["post-2205","page","type-page","status-publish","hentry"],"_links":{"self":[{"href":"https:\/\/hotelpeperhuys.nl\/it\/wp-json\/wp\/v2\/pages\/2205","targetHints":{"allow":["GET"]}}],"collection":[{"href":"https:\/\/hotelpeperhuys.nl\/it\/wp-json\/wp\/v2\/pages"}],"about":[{"href":"https:\/\/hotelpeperhuys.nl\/it\/wp-json\/wp\/v2\/types\/page"}],"author":[{"embeddable":true,"href":"https:\/\/hotelpeperhuys.nl\/it\/wp-json\/wp\/v2\/users\/1"}],"replies":[{"embeddable":true,"href":"https:\/\/hotelpeperhuys.nl\/it\/wp-json\/wp\/v2\/comments?post=2205"}],"version-history":[{"count":143,"href":"https:\/\/hotelpeperhuys.nl\/it\/wp-json\/wp\/v2\/pages\/2205\/revisions"}],"predecessor-version":[{"id":21297,"href":"https:\/\/hotelpeperhuys.nl\/it\/wp-json\/wp\/v2\/pages\/2205\/revisions\/21297"}],"wp:attachment":[{"href":"https:\/\/hotelpeperhuys.nl\/it\/wp-json\/wp\/v2\/media?parent=2205"}],"curies":[{"name":"wp","href":"https:\/\/api.w.org\/{rel}","templated":true}]}}