{"id":2205,"date":"2022-09-29T00:56:40","date_gmt":"2022-09-29T00:56:40","guid":{"rendered":"https:\/\/demo.7iquid.com\/carmelina\/?page_id=2205"},"modified":"2026-04-04T18:07:50","modified_gmt":"2026-04-04T18:07:50","slug":"efteling","status":"publish","type":"page","link":"https:\/\/hotelpeperhuys.nl\/fr\/efteling\/","title":{"rendered":"Efteling Deal"},"content":{"rendered":"<div data-elementor-type=\"wp-page\" data-elementor-id=\"2205\" class=\"elementor elementor-2205\">\n\t\t\t\t        <section class=\"elementor-section elementor-top-section elementor-element elementor-element-698b519 elementor-section-full_width elementor-section-height-default elementor-section-height-default pxl-section-offset-none pxl-section-static-pos-no pxl-section-overflow-hidden-no pxl-container-margin-auto-no\" data-id=\"698b519\" data-element_type=\"section\" data-e-type=\"section\">\n\n                \n                <div class=\"elementor-container elementor-column-gap-wide\">\n                <div class=\"elementor-column elementor-col-50 elementor-top-column elementor-element elementor-element-0cda977 col-offset-none pxl-column-element-default pxl-column-overflow-hidden-no\" data-id=\"0cda977\" data-element_type=\"column\" data-e-type=\"column\">\r\n        <div class=\"elementor-widget-wrap elementor-element-populated\">\r\n                    \t\t<div class=\"elementor-element elementor-element-eb640de elementor-widget elementor-widget-video\" data-id=\"eb640de\" data-element_type=\"widget\" data-e-type=\"widget\" data-settings=\"{&quot;video_type&quot;:&quot;hosted&quot;,&quot;autoplay&quot;:&quot;yes&quot;,&quot;play_on_mobile&quot;:&quot;yes&quot;,&quot;mute&quot;:&quot;yes&quot;}\" data-widget_type=\"video.default\">\n\t\t\t\t\t\t\t<div class=\"e-hosted-video elementor-wrapper elementor-open-inline\">\n\t\t\t\t\t<video class=\"elementor-video\" src=\"https:\/\/hotelpeperhuys.nl\/wp-content\/uploads\/2026\/04\/Video-Efteling.mp4\" autoplay=\"\" muted=\"muted\" playsinline=\"\" controlslist=\"nodownload\"><\/video>\n\t\t\t\t<\/div>\n\t\t\t\t\t\t<\/div>\n\t\t                    <\/div>\r\n        <\/div>\r\n                <div class=\"elementor-column elementor-col-50 elementor-top-column elementor-element elementor-element-59cabc0 col-offset-none pxl-column-element-default pxl-column-overflow-hidden-no\" data-id=\"59cabc0\" data-element_type=\"column\" data-e-type=\"column\">\r\n        <div class=\"elementor-widget-wrap elementor-element-populated\">\r\n                    \t\t<div class=\"elementor-element elementor-element-94c6e17 elementor-widget elementor-widget-pxl_heading\" data-id=\"94c6e17\" data-element_type=\"widget\" data-e-type=\"widget\" data-widget_type=\"pxl_heading.default\">\n\t\t\t\t<div class=\"elementor-widget-container\">\n\t\t\t\t\t<div class=\"pxl-heading-wrap d-flex\">\n    <div class=\"pxl-heading-inner\">\n                <h2 class=\"heading-title\">\n                        OFFRE EFTELING         <\/h2>\n                    <div class=\"heading-subtitle\">\n                <div class=\"subtitle-text\">Rendez votre visite au parc Efteling encore plus magique gr\u00e2ce \u00e0 notre Forfait Efteling sp\u00e9cialement con\u00e7u. Tout est organis\u00e9 pour vous, afin que vous puissiez simplement vous d\u00e9tendre et profiter d'un s\u00e9jour sans souci.<br \/>\n<br \/>\nApr\u00e8s une journ\u00e9e remplie de contes de f\u00e9es, d'attractions palpitantes et de moments inoubliables, retournez au confort de l'H\u00f4tel \u2019t Peperhuys. Pas de stress, pas de pr\u00e9cipitation, juste un endroit chaleureux et accueillant pour vous d\u00e9tendre.<br \/>\n<br \/>\nPr\u00e9voyez-vous de visiter Efteling le jour de votre arriv\u00e9e ? Vous pouvez d\u00e9poser vos bagages \u00e0 l'h\u00f4tel avant l'ouverture du parc, et nous vous enregistrerons imm\u00e9diatement afin que vous puissiez commencer votre journ\u00e9e sans tracas.<br \/>\n<br \/>\nIl n'est pas n\u00e9cessaire d'acheter un ticket de parking pour le parc Efteling, nous vous indiquerons un parking gratuit situ\u00e9 \u00e0 seulement 5 minutes \u00e0 pied du parc. Vous pr\u00e9f\u00e9rez marcher ? Le parc Efteling se trouve \u00e9galement \u00e0 une agr\u00e9able distance de marche de l'h\u00f4tel, entre 15 et 20 minutes.<br \/>\n<br \/>\nAvec notre enregistrement flexible, vous pouvez revenir quand cela vous convient, m\u00eame apr\u00e8s une longue journ\u00e9e au parc. R\u00e9veillez-vous le lendemain matin avec un buffet de petit-d\u00e9jeuner frais, pr\u00eat \u00e0 commencer une autre belle journ\u00e9e.<\/div>\n            <\/div>\n            <\/div>\n<\/div>\n\n\t\t\t\t<\/div>\n\t\t\t\t<\/div>\n\t\t\t\t<div class=\"elementor-element elementor-element-25c0304 elementor-align-center elementor-hidden-tablet elementor-widget elementor-widget-pxl_button\" data-id=\"25c0304\" data-element_type=\"widget\" data-e-type=\"widget\" data-widget_type=\"pxl_button.default\">\n\t\t\t\t<div class=\"elementor-widget-container\">\n\t\t\t\t\t<div id=\"pxl_button-25c0304-9606\" class=\"pxl-button-wrapper d-flex-wrap pxl-button-layout1\" >\r\n    <a href=\"https:\/\/booking.roomraccoon.nl\/Peperhuys\/nl\/?dateStart=&amp;dateEnd=\" class=\"pxl-btn default icon-ps-right\">\r\n        <span class=\"pxl-button-text\">R\u00e9servez ici votre Offre Efteling<\/span>\r\n            <\/a>\r\n<\/div>\t\t\t\t<\/div>\n\t\t\t\t<\/div>\n\t\t                    <\/div>\r\n        <\/div>\r\n        \t\t\t<\/div>\n\t\t<\/section>\n\t\t        <section class=\"elementor-section elementor-top-section elementor-element elementor-element-7ec7a8d elementor-section-full_width elementor-section-stretched elementor-section-height-default elementor-section-height-default pxl-section-offset-none pxl-section-static-pos-no pxl-section-overflow-hidden-no pxl-container-margin-auto-no\" data-id=\"7ec7a8d\" data-element_type=\"section\" data-e-type=\"section\" data-settings=\"{&quot;stretch_section&quot;:&quot;section-stretched&quot;}\">\n\n                \n                <div class=\"elementor-container elementor-column-gap-default\">\n                <div class=\"elementor-column elementor-col-100 elementor-top-column elementor-element elementor-element-69401e8 col-offset-none pxl-column-element-default pxl-column-overflow-hidden-no\" data-id=\"69401e8\" data-element_type=\"column\" data-e-type=\"column\">\r\n        <div class=\"elementor-widget-wrap elementor-element-populated\">\r\n                    \t\t<div class=\"elementor-element elementor-element-e0753f9 pxl-swiper-arrows-true pxl-gallery-carousel-layout-1 pxl-swiper-dots-false pxl-swiper-dots-color-mode-df elementor-widget elementor-widget-pxl_gallery_carousel\" data-id=\"e0753f9\" data-element_type=\"widget\" data-e-type=\"widget\" data-settings=\"{&quot;dots_position&quot;:&quot;relative&quot;}\" data-widget_type=\"pxl_gallery_carousel.default\">\n\t\t\t\t<div class=\"elementor-widget-container\">\n\t\t\t\t\t \r\n<div class=\"pxl-swiper-slider pxl-gallery-carousel layout-1\">\r\n    <div class=\"pxl-swiper-slider-wrap pxl-carousel-inner overflow-hidden\">\r\n        <div class=\"pxl-swiper-container\" dir=\"ltr\" data-settings=\"{&quot;slide_direction&quot;:&quot;horizontal&quot;,&quot;slide_percolumn&quot;:1,&quot;slide_mode&quot;:&quot;slide&quot;,&quot;slides_to_show_xxl&quot;:1.82,&quot;slides_to_show&quot;:1.82,&quot;slides_to_show_lg&quot;:1.8,&quot;slides_to_show_md&quot;:1.8,&quot;slides_to_show_sm&quot;:1.8,&quot;slides_to_show_xs&quot;:1,&quot;slides_to_scroll&quot;:1,&quot;slides_gutter&quot;:30,&quot;center_slide&quot;:false,&quot;dots_style&quot;:&quot;bullets&quot;,&quot;autoplay&quot;:true,&quot;pause_on_hover&quot;:true,&quot;pause_on_interaction&quot;:true,&quot;delay&quot;:6000,&quot;loop&quot;:false,&quot;speed&quot;:500}\">\r\n            <div class=\"pxl-swiper-wrapper swiper-wrapper\">\r\n                                    <div class=\"pxl-swiper-slide swiper-slide\">\r\n                        <div class=\"item-inner relative overflow-hidden\">\r\n                                                            <div class=\"item-image relative\">\r\n                                    <img fetchpriority=\"high\" decoding=\"async\" class=\"no-lazyload\" src=\"https:\/\/hotelpeperhuys.nl\/wp-content\/uploads\/2026\/04\/Symbolica-Bloemen-op-de-voorgrond-van-het-paleis-scaled-e1775073178668-1000x611.jpg\" width=\"1000\" height=\"611\" alt=\"Symbolica - Fleurs au premier plan du palais\" title=\"Symbolica - Fleurs au premier plan du palais\" \/>                                <\/div>\r\n                                                    <\/div>\r\n                                            <\/div>\r\n                                    <div class=\"pxl-swiper-slide swiper-slide\">\r\n                        <div class=\"item-inner relative overflow-hidden\">\r\n                                                            <div class=\"item-image relative\">\r\n                                    <img decoding=\"async\" class=\"no-lazyload\" src=\"https:\/\/hotelpeperhuys.nl\/wp-content\/uploads\/2026\/04\/Joris-en-de-Draak-Broers-in-karretje-1-scaled-e1775072517590-1000x611.jpg\" width=\"1000\" height=\"611\" alt=\"Joris et le Dragon - Fr\u00e8res dans le chariot\" title=\"Joris et le Dragon - Fr\u00e8res dans le chariot\" \/>                                <\/div>\r\n                                                    <\/div>\r\n                                            <\/div>\r\n                                    <div class=\"pxl-swiper-slide swiper-slide\">\r\n                        <div class=\"item-inner relative overflow-hidden\">\r\n                                                            <div class=\"item-image relative\">\r\n                                    <img decoding=\"async\" class=\"no-lazyload\" src=\"https:\/\/hotelpeperhuys.nl\/wp-content\/uploads\/2026\/04\/Joris-en-de-Draak-Draak-met-achtbaantrein--scaled-e1775072535652-1000x611.jpg\" width=\"1000\" height=\"611\" alt=\"Joris en de Draak - Train de montagnes russes du dragon\" title=\"Joris en de Draak - Train de montagnes russes du dragon\" \/>                                <\/div>\r\n                                                    <\/div>\r\n                                            <\/div>\r\n                                    <div class=\"pxl-swiper-slide swiper-slide\">\r\n                        <div class=\"item-inner relative overflow-hidden\">\r\n                                                            <div class=\"item-image relative\">\r\n                                    <img loading=\"lazy\" decoding=\"async\" class=\"no-lazyload\" src=\"https:\/\/hotelpeperhuys.nl\/wp-content\/uploads\/2026\/04\/De-Vliegende-Hollander-Splash-scaled-e1775072576476-1000x611.jpg\" width=\"1000\" height=\"611\" alt=\"Le Hollandais Volant - Splash\" title=\"Le Hollandais Volant - Splash\" \/>                                <\/div>\r\n                                                    <\/div>\r\n                                            <\/div>\r\n                                    <div class=\"pxl-swiper-slide swiper-slide\">\r\n                        <div class=\"item-inner relative overflow-hidden\">\r\n                                                            <div class=\"item-image relative\">\r\n                                    <img loading=\"lazy\" decoding=\"async\" class=\"no-lazyload\" src=\"https:\/\/hotelpeperhuys.nl\/wp-content\/uploads\/2026\/04\/Pirana-Oma-en-kinderen-worden-nat-door-de-waterval-scaled-e1775072443661-1000x611.jpg\" width=\"1000\" height=\"611\" alt=\"Pira\u00f1a - Grand-m\u00e8re et enfants se mouillent \u00e0 cause de la cascade\" title=\"Pira\u00f1a - Grand-m\u00e8re et enfants se mouillent \u00e0 cause de la cascade\" \/>                                <\/div>\r\n                                                    <\/div>\r\n                                            <\/div>\r\n                                    <div class=\"pxl-swiper-slide swiper-slide\">\r\n                        <div class=\"item-inner relative overflow-hidden\">\r\n                                                            <div class=\"item-image relative\">\r\n                                    <img loading=\"lazy\" decoding=\"async\" class=\"no-lazyload\" src=\"https:\/\/hotelpeperhuys.nl\/wp-content\/uploads\/2026\/04\/Pardoes-de-Tovernar-en-Prinses-Pardijn-Met-meisje-voor-Symbolica-scaled-e1775072465706-1000x611.jpg\" width=\"1000\" height=\"611\" alt=\"Pardoes le Magicien et la Princesse Pardijn - Avec une fille pour Symbolica\" title=\"Pardoes le Magicien et la Princesse Pardijn - Avec une fille pour Symbolica\" \/>                                <\/div>\r\n                                                    <\/div>\r\n                                            <\/div>\r\n                                    <div class=\"pxl-swiper-slide swiper-slide\">\r\n                        <div class=\"item-inner relative overflow-hidden\">\r\n                                                            <div class=\"item-image relative\">\r\n                                    <img loading=\"lazy\" decoding=\"async\" class=\"no-lazyload\" src=\"https:\/\/hotelpeperhuys.nl\/wp-content\/uploads\/2026\/04\/Pirana-Bootje-bij-waterspuwers-scaled-e1775072593600-1000x611.jpg\" width=\"1000\" height=\"611\" alt=\"Pira\u00f1a - Petit bateau pr\u00e8s des gargouilles\" title=\"Pira\u00f1a - Petit bateau pr\u00e8s des gargouilles\" \/>                                <\/div>\r\n                                                    <\/div>\r\n                                            <\/div>\r\n                                    <div class=\"pxl-swiper-slide swiper-slide\">\r\n                        <div class=\"item-inner relative overflow-hidden\">\r\n                                                            <div class=\"item-image relative\">\r\n                                    <img loading=\"lazy\" decoding=\"async\" class=\"no-lazyload\" src=\"https:\/\/hotelpeperhuys.nl\/wp-content\/uploads\/2026\/04\/Pardoes-de-Tovernar-Voor-Symbolica-scaled-e1775072609324-1000x611.jpg\" width=\"1000\" height=\"611\" alt=\"Pardoes de Tovernar - Pour Symbolica\" title=\"Pardoes de Tovernar - Pour Symbolica\" \/>                                <\/div>\r\n                                                    <\/div>\r\n                                            <\/div>\r\n                                    <div class=\"pxl-swiper-slide swiper-slide\">\r\n                        <div class=\"item-inner relative overflow-hidden\">\r\n                                                            <div class=\"item-image relative\">\r\n                                    <img loading=\"lazy\" decoding=\"async\" class=\"no-lazyload\" src=\"https:\/\/hotelpeperhuys.nl\/wp-content\/uploads\/2026\/04\/Muzikale-Paddenstoel-Kinderen-bij-een-paddenstoel-scaled-e1775072625312-1000x611.jpg\" width=\"1000\" height=\"611\" alt=\"Champignon Musical - Enfants pr\u00e8s d&#039;un champignon\" title=\"Champignon Musical - Enfants pr\u00e8s d&#039;un champignon\" \/>                                <\/div>\r\n                                                    <\/div>\r\n                                            <\/div>\r\n                                    <div class=\"pxl-swiper-slide swiper-slide\">\r\n                        <div class=\"item-inner relative overflow-hidden\">\r\n                                                            <div class=\"item-image relative\">\r\n                                    <img loading=\"lazy\" decoding=\"async\" class=\"no-lazyload\" src=\"https:\/\/hotelpeperhuys.nl\/wp-content\/uploads\/2026\/04\/De-zes-Dienaren-Kinderen-kijken-naar-Langnek-scaled-e1775072641353-1000x611.jpg\" width=\"1000\" height=\"611\" alt=\"Les six serviteurs - Des enfants regardent Long cou\" title=\"Les six serviteurs - Des enfants regardent Long cou\" \/>                                <\/div>\r\n                                                    <\/div>\r\n                                            <\/div>\r\n                                    <div class=\"pxl-swiper-slide swiper-slide\">\r\n                        <div class=\"item-inner relative overflow-hidden\">\r\n                                                            <div class=\"item-image relative\">\r\n                                    <img loading=\"lazy\" decoding=\"async\" class=\"no-lazyload\" src=\"https:\/\/hotelpeperhuys.nl\/wp-content\/uploads\/2026\/04\/Max-Moritz-Gezin-in-karretje-scaled-e1775072502641-1000x611.jpg\" width=\"1000\" height=\"611\" alt=\"Max &amp; Moritz - Famille dans un chariot\" title=\"Max &amp; Moritz - Famille dans un chariot\" \/>                                <\/div>\r\n                                                    <\/div>\r\n                                            <\/div>\r\n                                    <div class=\"pxl-swiper-slide swiper-slide\">\r\n                        <div class=\"item-inner relative overflow-hidden\">\r\n                                                            <div class=\"item-image relative\">\r\n                                    <img loading=\"lazy\" decoding=\"async\" class=\"no-lazyload\" src=\"https:\/\/hotelpeperhuys.nl\/wp-content\/uploads\/2026\/04\/Pardoes-de-Tovernar-Krijgt-een-kus-van-een-meisje-scaled-e1775072486638-900x611.jpg\" width=\"900\" height=\"611\" alt=\"Pardoes de Tovernar - Re\u00e7oit un baiser d&#039;une fille\" title=\"Pardoes de Tovernar - Re\u00e7oit un baiser d&#039;une fille\" \/>                                <\/div>\r\n                                                    <\/div>\r\n                                            <\/div>\r\n                                    <div class=\"pxl-swiper-slide swiper-slide\">\r\n                        <div class=\"item-inner relative overflow-hidden\">\r\n                                                            <div class=\"item-image relative\">\r\n                                    <img loading=\"lazy\" decoding=\"async\" class=\"no-lazyload\" src=\"https:\/\/hotelpeperhuys.nl\/wp-content\/uploads\/2026\/04\/Python-Zussen-in-karretje-scaled-e1775073162850-1000x611.jpg\" width=\"1000\" height=\"611\" alt=\"Python - S\u0153urs dans le chariot\" title=\"Python - S\u0153urs dans le chariot\" \/>                                <\/div>\r\n                                                    <\/div>\r\n                                            <\/div>\r\n                                    <div class=\"pxl-swiper-slide swiper-slide\">\r\n                        <div class=\"item-inner relative overflow-hidden\">\r\n                                                            <div class=\"item-image relative\">\r\n                                    <img loading=\"lazy\" decoding=\"async\" class=\"no-lazyload\" src=\"https:\/\/hotelpeperhuys.nl\/wp-content\/uploads\/2026\/04\/Gondoletta-Pagode-op-de-achtergrond-in-golden-hour--scaled-e1775073194225-900x611.jpg\" width=\"900\" height=\"611\" alt=\"Gondoletta - Pagode \u00e0 l&#039;arri\u00e8re-plan \u00e0 l&#039;heure dor\u00e9e\" title=\"Gondoletta - Pagode \u00e0 l&#039;arri\u00e8re-plan \u00e0 l&#039;heure dor\u00e9e\" \/>                                <\/div>\r\n                                                    <\/div>\r\n                                            <\/div>\r\n                            <\/div>    \r\n        <\/div>\r\n    <\/div>\r\n            <div class=\"pxl-swiper-arrows nav-in-vertical\">\r\n            <div class=\"pxl-swiper-arrow pxl-swiper-arrow-prev\"><span class=\"pxl-icon pxli-left-arrow\"><\/span><\/div>\r\n            <div class=\"pxl-swiper-arrow pxl-swiper-arrow-next\"><span class=\"pxl-icon pxli-right-arrow\"><\/span><\/div>\r\n        <\/div>\r\n        <\/div>\r\n \r\n\t\t\t\t<\/div>\n\t\t\t\t<\/div>\n\t\t                    <\/div>\r\n        <\/div>\r\n        \t\t\t<\/div>\n\t\t<\/section>\n\t\t\t\t<\/div>","protected":false},"excerpt":{"rendered":"<p>https:\/\/hotelpeperhuys.nl\/wp-content\/uploads\/2026\/04\/Video-Efteling.mp4 EFTELING DEAL Make your visit to the Efteling even more magical with our specially designed Efteling Deal. Everything is arranged for you, so you can simply relax and enjoy a carefree stay. After a day full of fairy tales, thrilling rides, and unforgettable moments, return to the comfort of Hotel \u2019t Peperhuys. No stress, [&hellip;]<\/p>\n","protected":false},"author":1,"featured_media":0,"parent":0,"menu_order":0,"comment_status":"closed","ping_status":"closed","template":"","meta":{"footnotes":""},"class_list":["post-2205","page","type-page","status-publish","hentry"],"_links":{"self":[{"href":"https:\/\/hotelpeperhuys.nl\/fr\/wp-json\/wp\/v2\/pages\/2205","targetHints":{"allow":["GET"]}}],"collection":[{"href":"https:\/\/hotelpeperhuys.nl\/fr\/wp-json\/wp\/v2\/pages"}],"about":[{"href":"https:\/\/hotelpeperhuys.nl\/fr\/wp-json\/wp\/v2\/types\/page"}],"author":[{"embeddable":true,"href":"https:\/\/hotelpeperhuys.nl\/fr\/wp-json\/wp\/v2\/users\/1"}],"replies":[{"embeddable":true,"href":"https:\/\/hotelpeperhuys.nl\/fr\/wp-json\/wp\/v2\/comments?post=2205"}],"version-history":[{"count":143,"href":"https:\/\/hotelpeperhuys.nl\/fr\/wp-json\/wp\/v2\/pages\/2205\/revisions"}],"predecessor-version":[{"id":21297,"href":"https:\/\/hotelpeperhuys.nl\/fr\/wp-json\/wp\/v2\/pages\/2205\/revisions\/21297"}],"wp:attachment":[{"href":"https:\/\/hotelpeperhuys.nl\/fr\/wp-json\/wp\/v2\/media?parent=2205"}],"curies":[{"name":"wp","href":"https:\/\/api.w.org\/{rel}","templated":true}]}}