{"id":1057,"date":"2022-09-08T03:58:13","date_gmt":"2022-09-08T03:58:13","guid":{"rendered":"https:\/\/demo.7iquid.com\/carmelina\/?page_id=1057"},"modified":"2026-04-03T13:29:06","modified_gmt":"2026-04-03T13:29:06","slug":"foires-aux-questions","status":"publish","type":"page","link":"https:\/\/hotelpeperhuys.nl\/fr\/faqs\/","title":{"rendered":"FAQs"},"content":{"rendered":"<div data-elementor-type=\"wp-page\" data-elementor-id=\"1057\" class=\"elementor elementor-1057\">\n\t\t\t\t        <section class=\"elementor-section elementor-top-section elementor-element elementor-element-4b1ace5 elementor-section-boxed elementor-section-height-default elementor-section-height-default pxl-section-static-pos-no pxl-section-overflow-hidden-no pxl-container-margin-auto-no\" data-id=\"4b1ace5\" data-element_type=\"section\" data-e-type=\"section\">\n\n                \n                <div class=\"elementor-container elementor-column-gap-default\">\n                <div class=\"elementor-column elementor-col-100 elementor-top-column elementor-element elementor-element-3109700 col-offset-none pxl-column-element-default pxl-column-overflow-hidden-no\" data-id=\"3109700\" data-element_type=\"column\" data-e-type=\"column\">\r\n        <div class=\"elementor-widget-wrap elementor-element-populated\">\r\n                            <section class=\"elementor-section elementor-inner-section elementor-element elementor-element-9850bd3 elementor-section-content-middle elementor-section-boxed elementor-section-height-default elementor-section-height-default pxl-section-static-pos-no pxl-section-overflow-hidden-no pxl-container-margin-auto-no\" data-id=\"9850bd3\" data-element_type=\"section\" data-e-type=\"section\">\n\n                \n                <div class=\"elementor-container elementor-column-gap-default\">\n                <div class=\"elementor-column elementor-col-50 elementor-inner-column elementor-element elementor-element-dbea91e pxl-column-element-auto col-offset-none pxl-column-overflow-hidden-no\" data-id=\"dbea91e\" data-element_type=\"column\" data-e-type=\"column\">\r\n        <div class=\"elementor-widget-wrap elementor-element-populated\">\r\n                    \t\t<div class=\"elementor-element elementor-element-e92497e elementor-view-stacked elementor-shape-square d-inline-flex p-sm-10 elementor-widget elementor-widget-icon\" data-id=\"e92497e\" data-element_type=\"widget\" data-e-type=\"widget\" data-widget_type=\"icon.default\">\n\t\t\t\t\t\t\t<div class=\"elementor-icon-wrapper\">\n\t\t\t<div class=\"elementor-icon\">\n\t\t\t<i aria-hidden=\"true\" class=\"pxli pxli-star-o\"><\/i>\t\t\t<\/div>\n\t\t<\/div>\n\t\t\t\t\t\t<\/div>\n\t\t                    <\/div>\r\n        <\/div>\r\n                <div class=\"elementor-column elementor-col-50 elementor-inner-column elementor-element elementor-element-f685d9d pxl-column-element-grow col-offset-none pxl-column-overflow-hidden-no\" data-id=\"f685d9d\" data-element_type=\"column\" data-e-type=\"column\">\r\n        <div class=\"elementor-widget-wrap elementor-element-populated\">\r\n                    \t\t<div class=\"elementor-element elementor-element-115f483 elementor-widget__width-auto elementor-widget elementor-widget-pxl_heading\" data-id=\"115f483\" data-element_type=\"widget\" data-e-type=\"widget\" data-widget_type=\"pxl_heading.default\">\n\t\t\t\t<div class=\"elementor-widget-container\">\n\t\t\t\t\t<div class=\"pxl-heading-wrap d-flex\">\n    <div class=\"pxl-heading-inner\">\n                <h3 class=\"heading-title\">\n                        Tout ce qu'il faut savoir avant de visiter le parc Efteling         <\/h3>\n            <\/div>\n<\/div>\n\n\t\t\t\t<\/div>\n\t\t\t\t<\/div>\n\t\t                    <\/div>\r\n        <\/div>\r\n        \t\t\t<\/div>\n\t\t<\/section>\n\t\t                    <\/div>\r\n        <\/div>\r\n        \t\t\t<\/div>\n\t\t<\/section>\n\t\t        <section class=\"elementor-section elementor-top-section elementor-element elementor-element-327962b elementor-section-boxed elementor-section-height-default elementor-section-height-default pxl-section-static-pos-no pxl-section-overflow-hidden-no pxl-container-margin-auto-no\" data-id=\"327962b\" data-element_type=\"section\" data-e-type=\"section\">\n\n                \n                <div class=\"elementor-container elementor-column-gap-default\">\n                <div class=\"elementor-column elementor-col-50 elementor-top-column elementor-element elementor-element-507189d col-offset-none pxl-column-element-default pxl-column-overflow-hidden-no\" data-id=\"507189d\" data-element_type=\"column\" data-e-type=\"column\">\r\n        <div class=\"elementor-widget-wrap elementor-element-populated\">\r\n                    \t\t<div class=\"pxl-border-wg-anm elementor-element elementor-element-ce242be elementor-widget elementor-widget-pxl_accordion\" data-id=\"ce242be\" data-element_type=\"widget\" data-e-type=\"widget\" data-widget_type=\"pxl_accordion.default\">\n\t\t\t\t<div class=\"elementor-widget-container\">\n\t\t\t\t\t<div class=\"pxl-border-animated num-0\">\r\n        <div class=\"pxl-border-anm bt w-100\" style=\"--bd-width: px 0 0 0; border-style: ; border-color: ;\"><\/div>\r\n        <div class=\"pxl-border-anm br h-100\" style=\"--bd-width: 0 px 0 0; border-style: ; border-color: ;\"><\/div>\r\n        <div class=\"pxl-border-anm bb w-100\" style=\"--bd-width: 0 0 px 0; border-style: ; border-color: ;\"><\/div>\r\n        <div class=\"pxl-border-anm bl h-100\" style=\"--bd-width: 0 0 0 px; border-style: ; border-color: ;\"><\/div>\r\n        <\/div>    <div id=\"pxl_accordion-ce242be-9305\" class=\"pxl-accordion style1\">\r\n                    <div class=\"ac-item active\" data-target=\"#d6d739cpxl_accordion-ce242be-9305\"> \r\n                <div class=\"ac-title-wrap\">\r\n                    <a class=\"ac-title d-flex align-items-center\">\r\n                        <span class=\"col\">\u00c0 quelle heure est l'enregistrement et le d\u00e9part ?<\/span>\r\n                        <i class=\"pxl-icon zmdi zmdi-plus col-auto\"><\/i>\r\n                    <\/a>\r\n                <\/div>\r\n                <div id=\"d6d739cpxl_accordion-ce242be-9305\" class=\"ac-content\" style=\"display:block;\">Vous pouvez vous enregistrer entre 15h00 et 24h00. L\u2019Hotel \u2019t Peperhuys fonctionne avec un syst\u00e8me d\u2019auto-enregistrement. Cela signifie qu\u2019un membre du personnel est pr\u00e9sent jusqu\u2019\u00e0 15h00, et \u00e0 partir de ce moment-l\u00e0, vous pouvez vous enregistrer vous-m\u00eame en utilisant le code que vous recevrez avant votre arriv\u00e9e. Nous avons choisi ce syst\u00e8me car de nombreux clients visitant l\u2019Efteling reviennent \u00e0 l\u2019h\u00f4tel apr\u00e8s la fermeture du parc, souvent apr\u00e8s le d\u00eener.<br \/>\n<br \/>\nSi vous pr\u00e9voyez de visiter le parc Efteling le jour de votre arriv\u00e9e, vous pouvez retirer vos billets \u00e0 l'h\u00f4tel avant l'ouverture du parc. Nous proc\u00e9derons \u00e9galement \u00e0 votre enregistrement \u00e0 ce moment-l\u00e0, et vous pourrez laisser vos bagages avec nous \u2013 nous nous assurerons qu'ils soient rang\u00e9s en toute s\u00e9curit\u00e9 dans votre chambre.<br \/>\n<br \/>\nLe d\u00e9part est avant 11h00<br \/>\n<\/div>\r\n            <\/div>\r\n                    <div class=\"ac-item\" data-target=\"#cfd575apxl_accordion-ce242be-9305\"> \r\n                <div class=\"ac-title-wrap\">\r\n                    <a class=\"ac-title d-flex align-items-center\">\r\n                        <span class=\"col\">Dois-je choisir la date de ma visite \u00e0 Efteling lors de la r\u00e9servation du forfait Efteling ?<\/span>\r\n                        <i class=\"pxl-icon zmdi zmdi-plus col-auto\"><\/i>\r\n                    <\/a>\r\n                <\/div>\r\n                <div id=\"cfd575apxl_accordion-ce242be-9305\" class=\"ac-content\">Non, ce n'est pas n\u00e9cessaire. Une fois arriv\u00e9 \u00e0 l'h\u00f4tel, nous organiserons vos billets imm\u00e9diatement. Si vous pr\u00e9voyez de visiter le parc le jour de votre arriv\u00e9e, vous pourrez r\u00e9cup\u00e9rer vos billets \u00e0 l'h\u00f4tel avant l'ouverture.<\/div>\r\n            <\/div>\r\n                    <div class=\"ac-item\" data-target=\"#fe464ffpxl_accordion-ce242be-9305\"> \r\n                <div class=\"ac-title-wrap\">\r\n                    <a class=\"ac-title d-flex align-items-center\">\r\n                        <span class=\"col\">J'ai vers\u00e9 un acompte de 50% pour mon Offre Efteling \u2014 que se passe-t-il si je ne peux pas venir ?<\/span>\r\n                        <i class=\"pxl-icon zmdi zmdi-plus col-auto\"><\/i>\r\n                    <\/a>\r\n                <\/div>\r\n                <div id=\"fe464ffpxl_accordion-ce242be-9305\" class=\"ac-content\">Si vous ne pouvez pas venir, votre acompte sera automatiquement rembours\u00e9.<br \/>\n<\/div>\r\n            <\/div>\r\n                    <div class=\"ac-item\" data-target=\"#e7f30aapxl_accordion-ce242be-9305\"> \r\n                <div class=\"ac-title-wrap\">\r\n                    <a class=\"ac-title d-flex align-items-center\">\r\n                        <span class=\"col\">De quelle heure \u00e0 quelle heure le petit-d\u00e9jeuner est-il servi ?<\/span>\r\n                        <i class=\"pxl-icon zmdi zmdi-plus col-auto\"><\/i>\r\n                    <\/a>\r\n                <\/div>\r\n                <div id=\"e7f30aapxl_accordion-ce242be-9305\" class=\"ac-content\">Le petit-d\u00e9jeuner est servi de 20h00 \u00e0 22h00.<\/div>\r\n            <\/div>\r\n                    <div class=\"ac-item\" data-target=\"#692a217pxl_accordion-ce242be-9305\"> \r\n                <div class=\"ac-title-wrap\">\r\n                    <a class=\"ac-title d-flex align-items-center\">\r\n                        <span class=\"col\">\u00c0 quel \u00e2ge notre enfant a-t-il besoin de billets pour Efteling ?<\/span>\r\n                        <i class=\"pxl-icon zmdi zmdi-plus col-auto\"><\/i>\r\n                    <\/a>\r\n                <\/div>\r\n                <div id=\"692a217pxl_accordion-ce242be-9305\" class=\"ac-content\">Les enfants de 0 \u00e0 3 ans peuvent profiter d'Efteling gratuitement, c'est formidable, non ? \u00c0 partir de 4 ans, ils auront besoin d'un billet d'entr\u00e9e. N'oubliez pas de renseigner leur \u00e2ge lors de la r\u00e9servation pour que tout soit pr\u00eat pour votre visite !<\/div>\r\n            <\/div>\r\n                    <div class=\"ac-item\" data-target=\"#62cd694pxl_accordion-ce242be-9305\"> \r\n                <div class=\"ac-title-wrap\">\r\n                    <a class=\"ac-title d-flex align-items-center\">\r\n                        <span class=\"col\">Puis-je aller \u00e0 pied \u00e0 Efteling ?<\/span>\r\n                        <i class=\"pxl-icon zmdi zmdi-plus col-auto\"><\/i>\r\n                    <\/a>\r\n                <\/div>\r\n                <div id=\"62cd694pxl_accordion-ce242be-9305\" class=\"ac-content\">Notre h\u00f4tel est situ\u00e9 au c\u0153ur de Kaatsheuvel, \u00e0 seulement 15 minutes de marche de l'Efteling. Vous pr\u00e9f\u00e9rez ne pas marcher ? Nous vous indiquerons volontiers un parking gratuit situ\u00e9 \u00e0 8 minutes seulement, cette information est \u00e9galement incluse dans votre e-mail de check-in en ligne.<br \/>\n<\/div>\r\n            <\/div>\r\n            <\/div>\r\n\t\t\t\t<\/div>\n\t\t\t\t<\/div>\n\t\t                    <\/div>\r\n        <\/div>\r\n                <div class=\"elementor-column elementor-col-50 elementor-top-column elementor-element elementor-element-492a30b col-offset-none pxl-column-element-default pxl-column-overflow-hidden-no\" data-id=\"492a30b\" data-element_type=\"column\" data-e-type=\"column\">\r\n        <div class=\"elementor-widget-wrap elementor-element-populated\">\r\n                    \t\t<div class=\"elementor-element elementor-element-22c85a7 elementor-widget elementor-widget-pxl_contact_form\" data-id=\"22c85a7\" data-element_type=\"widget\" data-e-type=\"widget\" data-widget_type=\"pxl_contact_form.default\">\n\t\t\t\t<div class=\"elementor-widget-container\">\n\t\t\t\t\t<div class=\"pxl-cf7-wrap relative\">\r\n    \n<div class=\"wpcf7 no-js\" id=\"wpcf7-f1091-o1\" lang=\"en-US\" dir=\"ltr\" data-wpcf7-id=\"1091\">\n<div class=\"screen-reader-response\"><p role=\"status\" aria-live=\"polite\" aria-atomic=\"true\"><\/p> <ul><\/ul><\/div>\n<form action=\"\/fr\/wp-json\/wp\/v2\/pages\/1057#wpcf7-f1091-o1\" method=\"post\" class=\"wpcf7-form init\" aria-label=\"Contact form\" novalidate=\"novalidate\" data-status=\"init\" data-trp-original-action=\"\/fr\/wp-json\/wp\/v2\/pages\/1057#wpcf7-f1091-o1\">\n<fieldset class=\"hidden-fields-container\"><input type=\"hidden\" name=\"_wpcf7\" value=\"1091\" \/><input type=\"hidden\" name=\"_wpcf7_version\" value=\"6.1.5\" \/><input type=\"hidden\" name=\"_wpcf7_locale\" value=\"en_US\" \/><input type=\"hidden\" name=\"_wpcf7_unit_tag\" value=\"wpcf7-f1091-o1\" \/><input type=\"hidden\" name=\"_wpcf7_container_post\" value=\"0\" \/><input type=\"hidden\" name=\"_wpcf7_posted_data_hash\" value=\"\" \/>\n<\/fieldset>\n<div class=\"contact-form-3\">\n\t<h4 class=\"form-title\">Vous n'arrivez pas \u00e0 trouver la r\u00e9ponse ? Demandez-nous\n\t<\/h4>\n\t<div class=\"form-content\">\n\t\t<div class=\"form-desc\">\n\t\t\t<p>Si vous avez des questions, n'h\u00e9sitez pas \u00e0 nous contacter, nous r\u00e9pondrons \u00e0 vos questions par e-mail dans les plus brefs d\u00e9lais.\n\t\t\t<\/p>\n\t\t<\/div>\n\t\t<div class=\"control-item\">\n\t\t\t<p><span class=\"wpcf7-form-control-wrap\" data-name=\"your-name\"><input size=\"40\" maxlength=\"400\" class=\"wpcf7-form-control wpcf7-text wpcf7-validates-as-required\" aria-required=\"true\" aria-invalid=\"false\" placeholder=\"Nom...\" value=\"\" type=\"text\" name=\"your-name\" \/><\/span>\n\t\t\t<\/p>\n\t\t<\/div>\n\t\t<div class=\"control-item\">\n\t\t\t<p><span class=\"wpcf7-form-control-wrap\" data-name=\"your-email\"><input size=\"40\" maxlength=\"400\" class=\"wpcf7-form-control wpcf7-email wpcf7-validates-as-required wpcf7-text wpcf7-validates-as-email\" aria-required=\"true\" aria-invalid=\"false\" placeholder=\"Courriel...\" value=\"\" type=\"email\" name=\"your-email\" \/><\/span>\n\t\t\t<\/p>\n\t\t<\/div>\n\t\t<div class=\"control-item\">\n\t\t\t<p><span class=\"wpcf7-form-control-wrap\" data-name=\"your-message\"><textarea cols=\"40\" rows=\"10\" maxlength=\"2000\" class=\"wpcf7-form-control wpcf7-textarea wpcf7-validates-as-required\" aria-required=\"true\" aria-invalid=\"false\" placeholder=\"Votre message...\" name=\"your-message\"><\/textarea><\/span>\n\t\t\t<\/p>\n\t\t<\/div>\n\t\t<div class=\"control-item\">\n\t\t\t<div class=\"form-check\">\n\t\t\t\t<p><input class=\"form-check-input bg-primary\" type=\"checkbox\" id=\"inlineCheckbox1\" value=\"option1\" \/><label class=\"form-check-label\" for=\"inlineCheckbox1\">Je consens \u00e0 ce que l'H\u00f4tel Peperhuys collecte mes informations via ce formulaire.<\/label>\n\t\t\t\t<\/p>\n\t\t\t<\/div>\n\t\t<\/div>\n\t<\/div>\n\t<div class=\"control-item-action btn-form\">\n\t\t<p><button class=\"btn btn-block\" type=\"submit\">Posez la question<\/button>\n\t\t<\/p>\n\t<\/div>\n<\/div><input type='hidden' class='wpcf7-pum' value='{\"closepopup\":false,\"closedelay\":0,\"openpopup\":false,\"openpopup_id\":0}' \/><div class=\"wpcf7-response-output\" aria-hidden=\"true\"><\/div>\n<input type=\"hidden\" name=\"trp-form-language\" value=\"fr\"\/><\/form>\n<\/div>\n \r\n<\/div>\t\t\t\t<\/div>\n\t\t\t\t<\/div>\n\t\t                    <\/div>\r\n        <\/div>\r\n        \t\t\t<\/div>\n\t\t<\/section>\n\t\t\t\t<\/div>","protected":false},"excerpt":{"rendered":"<p>All you need to know before visiting the Efteling What time is check-in and check-out? You are welcome to check in between 15:00 and 24:00. Hotel \u2019t Peperhuys operates a self check-in system. This means that a staff member is present until 15:00, and from that moment on you can check in yourself using the [&hellip;]<\/p>\n","protected":false},"author":1,"featured_media":0,"parent":0,"menu_order":0,"comment_status":"closed","ping_status":"closed","template":"","meta":{"footnotes":""},"class_list":["post-1057","page","type-page","status-publish","hentry"],"_links":{"self":[{"href":"https:\/\/hotelpeperhuys.nl\/fr\/wp-json\/wp\/v2\/pages\/1057","targetHints":{"allow":["GET"]}}],"collection":[{"href":"https:\/\/hotelpeperhuys.nl\/fr\/wp-json\/wp\/v2\/pages"}],"about":[{"href":"https:\/\/hotelpeperhuys.nl\/fr\/wp-json\/wp\/v2\/types\/page"}],"author":[{"embeddable":true,"href":"https:\/\/hotelpeperhuys.nl\/fr\/wp-json\/wp\/v2\/users\/1"}],"replies":[{"embeddable":true,"href":"https:\/\/hotelpeperhuys.nl\/fr\/wp-json\/wp\/v2\/comments?post=1057"}],"version-history":[{"count":25,"href":"https:\/\/hotelpeperhuys.nl\/fr\/wp-json\/wp\/v2\/pages\/1057\/revisions"}],"predecessor-version":[{"id":20882,"href":"https:\/\/hotelpeperhuys.nl\/fr\/wp-json\/wp\/v2\/pages\/1057\/revisions\/20882"}],"wp:attachment":[{"href":"https:\/\/hotelpeperhuys.nl\/fr\/wp-json\/wp\/v2\/media?parent=1057"}],"curies":[{"name":"wp","href":"https:\/\/api.w.org\/{rel}","templated":true}]}}