{"id":3,"date":"2026-03-19T12:52:51","date_gmt":"2026-03-19T12:52:51","guid":{"rendered":"https:\/\/hotelpeperhuys.nl\/?page_id=3"},"modified":"2026-04-04T19:01:30","modified_gmt":"2026-04-04T19:01:30","slug":"politica-de-privacidad","status":"publish","type":"page","link":"https:\/\/hotelpeperhuys.nl\/es\/privacy-policy\/","title":{"rendered":"Pol\u00edtica de Privacidad"},"content":{"rendered":"<div data-elementor-type=\"wp-page\" data-elementor-id=\"3\" class=\"elementor elementor-3\">\n\t\t\t\t        <section class=\"elementor-section elementor-top-section elementor-element elementor-element-fdbd2f1 elementor-section-boxed elementor-section-height-default elementor-section-height-default pxl-section-static-pos-no pxl-section-overflow-hidden-no pxl-container-margin-auto-no\" data-id=\"fdbd2f1\" data-element_type=\"section\" data-e-type=\"section\">\n\n                \n                <div class=\"elementor-container elementor-column-gap-default\">\n                <div class=\"elementor-column elementor-col-100 elementor-top-column elementor-element elementor-element-02823f5 col-offset-none pxl-column-element-default pxl-column-overflow-hidden-no\" data-id=\"02823f5\" data-element_type=\"column\" data-e-type=\"column\">\r\n        <div class=\"elementor-widget-wrap elementor-element-populated\">\r\n                    \t\t<div class=\"elementor-element elementor-element-e467d00 elementor-widget elementor-widget-heading\" data-id=\"e467d00\" data-element_type=\"widget\" data-e-type=\"widget\" data-widget_type=\"heading.default\">\n\t\t\t\t\t<h3 class=\"elementor-heading-title elementor-size-default\">Declaraci\u00f3n de Privacidad A. Brunelli Beheer B.V. - Hotel 't Peperhuys<\/h3>\t\t\t\t<\/div>\n\t\t                    <\/div>\r\n        <\/div>\r\n        \t\t\t<\/div>\n\t\t<\/section>\n\t\t        <section class=\"elementor-section elementor-top-section elementor-element elementor-element-3eab774 elementor-section-boxed elementor-section-height-default elementor-section-height-default pxl-section-static-pos-no pxl-section-overflow-hidden-no pxl-container-margin-auto-no\" data-id=\"3eab774\" data-element_type=\"section\" data-e-type=\"section\">\n\n                \n                <div class=\"elementor-container elementor-column-gap-default\">\n                <div class=\"elementor-column elementor-col-100 elementor-top-column elementor-element elementor-element-9e38687 col-offset-none pxl-column-element-default pxl-column-overflow-hidden-no\" data-id=\"9e38687\" data-element_type=\"column\" data-e-type=\"column\">\r\n        <div class=\"elementor-widget-wrap elementor-element-populated\">\r\n                    \t\t<div class=\"elementor-element elementor-element-ec0c731 elementor-widget elementor-widget-pxl_text_editor\" data-id=\"ec0c731\" data-element_type=\"widget\" data-e-type=\"widget\" data-widget_type=\"pxl_text_editor.default\">\n\t\t\t\t<div class=\"elementor-widget-container\">\n\t\t\t\t\t<div id=\"pxl_text_editor-ec0c731-5967\" class=\"pxl-text-editor-wrap d-flex\" >\n\t<div class=\"pxl-text-editor elementor-clearfix\">\n\t\t<div class=\"content-wrapper\">\n<div class=\"rich-text-container content-container content-offset\" data-truncated=\"&lt;h4&gt;&lt;strong&gt;Persoonsgegevens die wij verwerken&lt;\/strong&gt;&lt;\/h4&gt; &lt;p&gt;Bilderberg verwerkt uw persoonsgegevens doordat u gebruik maakt van onze diensten en\/of omdat u deze zelf aan ons verstrekt. Hieronder vindt u een overzicht van de persoonsgegevens die wij verwerken:&lt;br \/&gt; - Voor- en achternaam&lt;br \/&gt; - Geslacht&lt;br \/&gt; - Geboortedatum&lt;br \/&gt; - Adr... &lt;\/p&gt;\" data-read-more=\"lees verder\">\n<p>Brunelli Beheer B.V., con sede en Merwedestraat 26, 3313CS Dordrecht, es responsable del tratamiento de datos personales tal y como se refleja en esta declaraci\u00f3n de privacidad.<\/p>\n<p><strong>Datos de contacto:<\/strong><\/p>\n<p>Hotel Peperhuys<br \/>Peperstraat 8<br \/>5171EC Kaatsheuvel<\/p>\n<p><strong>Datos personales que procesamos<\/strong><\/p>\n<ol>\n<li>Brunelli Beheer B.V. \/ Hotel Peperhuys procesa sus datos personales porque usted utiliza nuestros servicios y\/o porque usted mismo nos los proporciona. A continuaci\u00f3n, encontrar\u00e1 un resumen de los datos personales que procesamos:<br \/>\u2013 Nombre<br \/>Fecha de nacimiento<br \/>\u2013 Datos de la direcci\u00f3n<br \/>\u2013 N\u00famero de tel\u00e9fono<br \/>\u2013 Direcci\u00f3n de correo electr\u00f3nico<br \/>\u2013 Otros datos personales que usted proporcione activamente, por ejemplo, al crear un perfil en este sitio web, en correspondencia y por tel\u00e9fono<br \/>\u2013 Datos sobre su actividad en nuestro sitio web<br \/>\u2013 Navegador de internet y tipo de dispositivo<br \/>\u2013 Salud, como necesidades diet\u00e9ticas o uso de silla de ruedas<\/li>\n<\/ol>\n<p><strong>Datos personales especiales y\/o sensibles que procesamos<\/strong><\/p>\n<p>Si usted mismo nos proporciona datos de salud, como preferencias diet\u00e9ticas, alergias o el uso de una silla de ruedas, procesaremos esos datos en su reserva. Podemos almacenar estos datos para futuras reservas. Nuestro sitio web y\/o servicio no tiene la intenci\u00f3n de recopilar datos sobre visitantes del sitio web menores de 16 a\u00f1os. A menos que tengan permiso de sus padres o tutores. Sin embargo, no podemos verificar si un visitante es mayor de 16 a\u00f1os. Por lo tanto, recomendamos a los padres que participen en las actividades en l\u00ednea de sus hijos, para evitar que se recopilen datos sobre ni\u00f1os sin el permiso de los padres. Si est\u00e1 convencido de que hemos recopilado datos personales sobre un menor sin ese permiso, cont\u00e1ctenos.<\/p>\n<p><strong>Con qu\u00e9 prop\u00f3sito y sobre qu\u00e9 base legal procesamos los datos personales<\/strong><\/p>\n<ol>\n<li>Brunelli Beheer B.V. \/ Hotel Peperhuys procesa sus datos personales para los siguientes fines:<br \/>\u2013 Procesamiento de tu pago<br \/>\u2013 Env\u00edo de nuestro bolet\u00edn y\/o folleto publicitario<br \/>\u2013 Para poder llamarle o enviarle un correo electr\u00f3nico si fuera necesario para poder prestarle nuestros servicios<br \/>\u2013 Informarle sobre los cambios en nuestros servicios y productos<br \/>\u2013 A. Brunelli Beheer B.V. \/ Hotel Peperhuys analiza su comportamiento en el sitio web para mejorarlo y adaptar la oferta de productos y servicios a sus preferencias.<\/li>\n<\/ol>\n<p><strong>Toma de decisiones automatizada<\/strong><\/p>\n<ol>\n<li>Brunelli Beheer B.V. \/ Hotel Peperhuys no toma decisiones sobre asuntos que puedan tener consecuencias (significativas) para las personas bas\u00e1ndose en tratamientos automatizados. Esto se refiere a decisiones tomadas por programas o sistemas inform\u00e1ticos, sin la intervenci\u00f3n de un ser humano (por ejemplo, un empleado de A. Brunelli Beheer B.V. \/ Hotel Peperhuys).<\/li>\n<\/ol>\n<p><strong>Cu\u00e1nto tiempo conservamos datos personales<\/strong><\/p>\n<ul>\n<li>Guardamos su direcci\u00f3n de correo electr\u00f3nico utilizada para enviarle nuestros boletines mientras est\u00e9 suscrito con esa direcci\u00f3n de correo electr\u00f3nico.<\/li>\n<\/ul>\n<p><strong>Compartir datos personales con terceros<\/strong><\/p>\n<ol>\n<li>Brunelli Beheer B.V. \/ Hotel Peperhuys comparte sus datos personales con terceros cuando es necesario para la ejecuci\u00f3n del contrato y para cumplir con cualquier obligaci\u00f3n legal. Tambi\u00e9n cuando es necesario para comunicarnos con usted sobre servicios y\/o actualizaciones durante su estancia. Con las empresas que procesan sus datos en nuestro nombre, celebramos un acuerdo de procesamiento de datos para garantizar el mismo nivel de seguridad y confidencialidad de sus datos. A. Brunelli Beheer B.V. \/ Hotel Peperhuys sigue siendo responsable de estos procesamientos. Adem\u00e1s, A. Brunelli Beheer B.V. \/ Hotel Peperhuys proporciona sus datos personales a otros terceros. Solo lo hacemos con su consentimiento expl\u00edcito.<\/li>\n<\/ol>\n<p><strong>Cookies, o t\u00e9cnicas similares, que utilizamos<\/strong><\/p>\n<ol>\n<li>Brunelli Beheer B.V. \/ Hotel Peperhuys utiliza cookies funcionales, anal\u00edticas y de seguimiento. Una cookie es un peque\u00f1o archivo de texto que se instala en el navegador de su ordenador, tableta o smartphone al acceder por primera vez a este sitio web. A. Brunelli Beheer B.V. \/ Hotel Peperhuys utiliza cookies con una funcionalidad t\u00e9cnica superior. Estas cookies permiten que el sitio web funcione correctamente y que se activen sus funciones de navegaci\u00f3n. Estas cookies tambi\u00e9n se utilizan para mejorar y optimizar el funcionamiento del sitio web. Adem\u00e1s, utilizamos cookies que ayudan a mejorar su navegaci\u00f3n para ofrecerle contenidos y publicidad. En su primera visita a nuestro sitio web, le informaremos sobre estas cookies y sobre el uso que se hace de ellas. Usted puede utilizar las cookies de su navegador de Internet de modo que no se pierda ninguna cookie. Por lo tanto, tambi\u00e9n puede acceder a toda la informaci\u00f3n que se muestra a trav\u00e9s de las opciones de su navegador. Zie voor een toelichting: <a href=\"https:\/\/veiliginternetten.nl\/themes\/situatie\/cookies-wat-zijn-het-en-wat-doe-ik-ermee\/\">https:\/\/veiliginternetten.nl\/themes\/situatie\/cookies-wat-zijn-het-en-wat-doe-ik-ermee\/<\/a><\/li>\n<\/ol>\n<p><strong>Solicitud de acceso<\/strong><\/p>\n<p>As\u00ed podr\u00e1 solicitar los datos que tenemos registrados<\/p>\n<p>Tiene derecho a acceder, rectificar o suprimir sus datos personales. Adem\u00e1s, tiene derecho a retirar su consentimiento para el tratamiento de datos o a oponerse al tratamiento de sus datos personales por parte de A. Brunelli Beheer B.V. \/ Hotel Peperhuys, y tiene derecho a la portabilidad de los datos. Esto significa que puede solicitarnos que enviemos los datos personales que tenemos sobre usted en un archivo inform\u00e1tico a usted o a otra organizaci\u00f3n que usted especifique. Para ello, env\u00ede un correo electr\u00f3nico a info@peperhuys.nl.<\/p>\n<p>Para asegurarnos de que la solicitud de acceso ha sido realizada por usted, le pedimos que adjunte a la solicitud una copia de su documento de identidad. En esta copia, tache su fotograf\u00eda, la zona de lectura autom\u00e1tica (MRZ, la tira de n\u00fameros en la parte inferior del pasaporte), el n\u00famero de pasaporte y el n\u00famero de servicio de ciudadano (BSN). Esto es para proteger su privacidad. Responderemos a su solicitud lo antes posible, pero dentro de las cuatro semanas. A. Brunelli Beheer B.V. \/ Hotel Peperhuys tambi\u00e9n desea informarle que tiene la posibilidad de presentar una queja ante el organismo de control nacional, la Autoridad de Protecci\u00f3n de Datos. Puede hacerlo a trav\u00e9s del siguiente enlace: <a href=\"https:\/\/autoriteitpersoonsgegevens.nl\/nl\/contact-met-de-autoriteit-persoonsgegevens\/tip-ons\">https:\/\/autoriteitpersoonsgegevens.nl\/nl\/contact-met-de-autoriteit-persoonsgegevens\/tip-ons<\/a><\/p>\n<p><strong>Combinaci\u00f3n de preguntas<\/strong><\/p>\n<ol>\n<li>Brunelli Beheer B.V. \/ Hotel Peperhuys se toma en serio la protecci\u00f3n de sus datos y toma las medidas adecuadas para contrarrestar el uso indebido, la p\u00e9rdida, el acceso no autorizado, la divulgaci\u00f3n no deseada y la modificaci\u00f3n no autorizada. Si tiene la impresi\u00f3n de que sus datos no est\u00e1n bien protegidos, hay indicios de uso indebido, o tiene alguna pregunta sobre c\u00f3mo manejamos los datos personales, puede ponerse en contacto con info@peperhuys.nl<\/li>\n<\/ol>\n<\/div>\n<\/div>\t\t\n\t<\/div>\n<\/div>\t\t\t\t<\/div>\n\t\t\t\t<\/div>\n\t\t                    <\/div>\r\n        <\/div>\r\n        \t\t\t<\/div>\n\t\t<\/section>\n\t\t\t\t<\/div>","protected":false},"excerpt":{"rendered":"<p>Privacyverklaring A. Brunelli Beheer B.V. &#8211; Hotel &#8216;t Peperhuys Brunelli Beheer B.V., gevestigd aan Merwedestraat 26, 3313CS\u00a0 Dordrecht, is verantwoordelijk voor de verwerking van persoonsgegevens zoals weergegeven in deze privacyverklaring. Contactgegevens: Hotel PeperhuysPeperstraat 85171EC\u00a0 Kaatsheuvel Persoonsgegevens die wij verwerken Brunelli Beheer B.V. \/ Hotel Peperhuys verwerkt uw persoonsgegevens doordat u gebruik maakt van onze diensten [&hellip;]<\/p>\n","protected":false},"author":1,"featured_media":0,"parent":0,"menu_order":0,"comment_status":"closed","ping_status":"open","template":"","meta":{"footnotes":""},"class_list":["post-3","page","type-page","status-publish","hentry"],"_links":{"self":[{"href":"https:\/\/hotelpeperhuys.nl\/es\/wp-json\/wp\/v2\/pages\/3","targetHints":{"allow":["GET"]}}],"collection":[{"href":"https:\/\/hotelpeperhuys.nl\/es\/wp-json\/wp\/v2\/pages"}],"about":[{"href":"https:\/\/hotelpeperhuys.nl\/es\/wp-json\/wp\/v2\/types\/page"}],"author":[{"embeddable":true,"href":"https:\/\/hotelpeperhuys.nl\/es\/wp-json\/wp\/v2\/users\/1"}],"replies":[{"embeddable":true,"href":"https:\/\/hotelpeperhuys.nl\/es\/wp-json\/wp\/v2\/comments?post=3"}],"version-history":[{"count":17,"href":"https:\/\/hotelpeperhuys.nl\/es\/wp-json\/wp\/v2\/pages\/3\/revisions"}],"predecessor-version":[{"id":21303,"href":"https:\/\/hotelpeperhuys.nl\/es\/wp-json\/wp\/v2\/pages\/3\/revisions\/21303"}],"wp:attachment":[{"href":"https:\/\/hotelpeperhuys.nl\/es\/wp-json\/wp\/v2\/media?parent=3"}],"curies":[{"name":"wp","href":"https:\/\/api.w.org\/{rel}","templated":true}]}}