{"id":2205,"date":"2022-09-29T00:56:40","date_gmt":"2022-09-29T00:56:40","guid":{"rendered":"https:\/\/demo.7iquid.com\/carmelina\/?page_id=2205"},"modified":"2026-04-04T18:07:50","modified_gmt":"2026-04-04T18:07:50","slug":"efteling","status":"publish","type":"page","link":"https:\/\/hotelpeperhuys.nl\/es\/efteling\/","title":{"rendered":"Oferta Efteling"},"content":{"rendered":"<div data-elementor-type=\"wp-page\" data-elementor-id=\"2205\" class=\"elementor elementor-2205\">\n\t\t\t\t        <section class=\"elementor-section elementor-top-section elementor-element elementor-element-698b519 elementor-section-full_width elementor-section-height-default elementor-section-height-default pxl-section-offset-none pxl-section-static-pos-no pxl-section-overflow-hidden-no pxl-container-margin-auto-no\" data-id=\"698b519\" data-element_type=\"section\" data-e-type=\"section\">\n\n                \n                <div class=\"elementor-container elementor-column-gap-wide\">\n                <div class=\"elementor-column elementor-col-50 elementor-top-column elementor-element elementor-element-0cda977 col-offset-none pxl-column-element-default pxl-column-overflow-hidden-no\" data-id=\"0cda977\" data-element_type=\"column\" data-e-type=\"column\">\r\n        <div class=\"elementor-widget-wrap elementor-element-populated\">\r\n                    \t\t<div class=\"elementor-element elementor-element-eb640de elementor-widget elementor-widget-video\" data-id=\"eb640de\" data-element_type=\"widget\" data-e-type=\"widget\" data-settings=\"{&quot;video_type&quot;:&quot;hosted&quot;,&quot;autoplay&quot;:&quot;yes&quot;,&quot;play_on_mobile&quot;:&quot;yes&quot;,&quot;mute&quot;:&quot;yes&quot;}\" data-widget_type=\"video.default\">\n\t\t\t\t\t\t\t<div class=\"e-hosted-video elementor-wrapper elementor-open-inline\">\n\t\t\t\t\t<video class=\"elementor-video\" src=\"https:\/\/hotelpeperhuys.nl\/wp-content\/uploads\/2026\/04\/Video-Efteling.mp4\" autoplay=\"\" muted=\"muted\" playsinline=\"\" controlslist=\"nodownload\"><\/video>\n\t\t\t\t<\/div>\n\t\t\t\t\t\t<\/div>\n\t\t                    <\/div>\r\n        <\/div>\r\n                <div class=\"elementor-column elementor-col-50 elementor-top-column elementor-element elementor-element-59cabc0 col-offset-none pxl-column-element-default pxl-column-overflow-hidden-no\" data-id=\"59cabc0\" data-element_type=\"column\" data-e-type=\"column\">\r\n        <div class=\"elementor-widget-wrap elementor-element-populated\">\r\n                    \t\t<div class=\"elementor-element elementor-element-94c6e17 elementor-widget elementor-widget-pxl_heading\" data-id=\"94c6e17\" data-element_type=\"widget\" data-e-type=\"widget\" data-widget_type=\"pxl_heading.default\">\n\t\t\t\t<div class=\"elementor-widget-container\">\n\t\t\t\t\t<div class=\"pxl-heading-wrap d-flex\">\n    <div class=\"pxl-heading-inner\">\n                <h2 class=\"heading-title\">\n                        OFERTA DE EFTELLING         <\/h2>\n                    <div class=\"heading-subtitle\">\n                <div class=\"subtitle-text\">Haz que tu visita al Efteling sea a\u00fan m\u00e1s m\u00e1gica con nuestra Oferta Efteling especialmente dise\u00f1ada. Todo est\u00e1 organizado para ti, para que simplemente puedas relajarte y disfrutar de una estancia sin preocupaciones.<br \/>\n<br \/>\nDespu\u00e9s de un d\u00eda lleno de cuentos de hadas, emocionantes atracciones y momentos inolvidables, regrese a la comodidad del Hotel \u2019t Peperhuys. Sin estr\u00e9s, sin prisas, solo un lugar c\u00e1lido y acogedor para relajarse.<br \/>\n<br \/>\n\u00bfPlanea visitar Efteling el d\u00eda de su llegada? Puede dejar su equipaje en el hotel antes de que abra el parque y le haremos el registro de entrada de inmediato para que pueda comenzar su d\u00eda sin complicaciones.<br \/>\n<br \/>\nNo es necesario comprar un ticket de aparcamiento para el Efteling; te dirigiremos a una zona de aparcamiento gratuito a solo 5 minutos a pie del parque. \u00bfPrefieres caminar? El Efteling tambi\u00e9n se encuentra a un agradable paseo de 15-20 minutos desde el hotel.<br \/>\n<br \/>\nCon nuestro flexible check-in, puedes regresar cuando te convenga, incluso despu\u00e9s de un largo d\u00eda en el parque. Despi\u00e9rtate la ma\u00f1ana siguiente con un fresco desayuno buffet, listo para comenzar otro hermoso d\u00eda.<\/div>\n            <\/div>\n            <\/div>\n<\/div>\n\n\t\t\t\t<\/div>\n\t\t\t\t<\/div>\n\t\t\t\t<div class=\"elementor-element elementor-element-25c0304 elementor-align-center elementor-hidden-tablet elementor-widget elementor-widget-pxl_button\" data-id=\"25c0304\" data-element_type=\"widget\" data-e-type=\"widget\" data-widget_type=\"pxl_button.default\">\n\t\t\t\t<div class=\"elementor-widget-container\">\n\t\t\t\t\t<div id=\"pxl_button-25c0304-6313\" class=\"pxl-button-wrapper d-flex-wrap pxl-button-layout1\" >\r\n    <a href=\"https:\/\/booking.roomraccoon.nl\/Peperhuys\/nl\/?dateStart=&amp;dateEnd=\" class=\"pxl-btn default icon-ps-right\">\r\n        <span class=\"pxl-button-text\">Reserva aqu\u00ed tu Oferta de Efteling<\/span>\r\n            <\/a>\r\n<\/div>\t\t\t\t<\/div>\n\t\t\t\t<\/div>\n\t\t                    <\/div>\r\n        <\/div>\r\n        \t\t\t<\/div>\n\t\t<\/section>\n\t\t        <section class=\"elementor-section elementor-top-section elementor-element elementor-element-7ec7a8d elementor-section-full_width elementor-section-stretched elementor-section-height-default elementor-section-height-default pxl-section-offset-none pxl-section-static-pos-no pxl-section-overflow-hidden-no pxl-container-margin-auto-no\" data-id=\"7ec7a8d\" data-element_type=\"section\" data-e-type=\"section\" data-settings=\"{&quot;stretch_section&quot;:&quot;section-stretched&quot;}\">\n\n                \n                <div class=\"elementor-container elementor-column-gap-default\">\n                <div class=\"elementor-column elementor-col-100 elementor-top-column elementor-element elementor-element-69401e8 col-offset-none pxl-column-element-default pxl-column-overflow-hidden-no\" data-id=\"69401e8\" data-element_type=\"column\" data-e-type=\"column\">\r\n        <div class=\"elementor-widget-wrap elementor-element-populated\">\r\n                    \t\t<div class=\"elementor-element elementor-element-e0753f9 pxl-swiper-arrows-true pxl-gallery-carousel-layout-1 pxl-swiper-dots-false pxl-swiper-dots-color-mode-df elementor-widget elementor-widget-pxl_gallery_carousel\" data-id=\"e0753f9\" data-element_type=\"widget\" data-e-type=\"widget\" data-settings=\"{&quot;dots_position&quot;:&quot;relative&quot;}\" data-widget_type=\"pxl_gallery_carousel.default\">\n\t\t\t\t<div class=\"elementor-widget-container\">\n\t\t\t\t\t \r\n<div class=\"pxl-swiper-slider pxl-gallery-carousel layout-1\">\r\n    <div class=\"pxl-swiper-slider-wrap pxl-carousel-inner overflow-hidden\">\r\n        <div class=\"pxl-swiper-container\" dir=\"ltr\" data-settings=\"{&quot;slide_direction&quot;:&quot;horizontal&quot;,&quot;slide_percolumn&quot;:1,&quot;slide_mode&quot;:&quot;slide&quot;,&quot;slides_to_show_xxl&quot;:1.82,&quot;slides_to_show&quot;:1.82,&quot;slides_to_show_lg&quot;:1.8,&quot;slides_to_show_md&quot;:1.8,&quot;slides_to_show_sm&quot;:1.8,&quot;slides_to_show_xs&quot;:1,&quot;slides_to_scroll&quot;:1,&quot;slides_gutter&quot;:30,&quot;center_slide&quot;:false,&quot;dots_style&quot;:&quot;bullets&quot;,&quot;autoplay&quot;:true,&quot;pause_on_hover&quot;:true,&quot;pause_on_interaction&quot;:true,&quot;delay&quot;:6000,&quot;loop&quot;:false,&quot;speed&quot;:500}\">\r\n            <div class=\"pxl-swiper-wrapper swiper-wrapper\">\r\n                                    <div class=\"pxl-swiper-slide swiper-slide\">\r\n                        <div class=\"item-inner relative overflow-hidden\">\r\n                                                            <div class=\"item-image relative\">\r\n                                    <img fetchpriority=\"high\" decoding=\"async\" class=\"no-lazyload\" src=\"https:\/\/hotelpeperhuys.nl\/wp-content\/uploads\/2026\/04\/Symbolica-Bloemen-op-de-voorgrond-van-het-paleis-scaled-e1775073178668-1000x611.jpg\" width=\"1000\" height=\"611\" alt=\"Symbolica - Flores en primer plano del palacio\" title=\"Symbolica - Flores en primer plano del palacio\" \/>                                <\/div>\r\n                                                    <\/div>\r\n                                            <\/div>\r\n                                    <div class=\"pxl-swiper-slide swiper-slide\">\r\n                        <div class=\"item-inner relative overflow-hidden\">\r\n                                                            <div class=\"item-image relative\">\r\n                                    <img decoding=\"async\" class=\"no-lazyload\" src=\"https:\/\/hotelpeperhuys.nl\/wp-content\/uploads\/2026\/04\/Joris-en-de-Draak-Broers-in-karretje-1-scaled-e1775072517590-1000x611.jpg\" width=\"1000\" height=\"611\" alt=\"Joris en de Draak - Hermanos en el carrito\" title=\"Joris en de Draak - Hermanos en el carrito\" \/>                                <\/div>\r\n                                                    <\/div>\r\n                                            <\/div>\r\n                                    <div class=\"pxl-swiper-slide swiper-slide\">\r\n                        <div class=\"item-inner relative overflow-hidden\">\r\n                                                            <div class=\"item-image relative\">\r\n                                    <img decoding=\"async\" class=\"no-lazyload\" src=\"https:\/\/hotelpeperhuys.nl\/wp-content\/uploads\/2026\/04\/Joris-en-de-Draak-Draak-met-achtbaantrein--scaled-e1775072535652-1000x611.jpg\" width=\"1000\" height=\"611\" alt=\"Joris en de Draak - Tren de monta\u00f1a rusa del drag\u00f3n\" title=\"Joris en de Draak - Tren de monta\u00f1a rusa del drag\u00f3n\" \/>                                <\/div>\r\n                                                    <\/div>\r\n                                            <\/div>\r\n                                    <div class=\"pxl-swiper-slide swiper-slide\">\r\n                        <div class=\"item-inner relative overflow-hidden\">\r\n                                                            <div class=\"item-image relative\">\r\n                                    <img loading=\"lazy\" decoding=\"async\" class=\"no-lazyload\" src=\"https:\/\/hotelpeperhuys.nl\/wp-content\/uploads\/2026\/04\/De-Vliegende-Hollander-Splash-scaled-e1775072576476-1000x611.jpg\" width=\"1000\" height=\"611\" alt=\"El Holand\u00e9s Volador - Splash\" title=\"El Holand\u00e9s Volador - Splash\" \/>                                <\/div>\r\n                                                    <\/div>\r\n                                            <\/div>\r\n                                    <div class=\"pxl-swiper-slide swiper-slide\">\r\n                        <div class=\"item-inner relative overflow-hidden\">\r\n                                                            <div class=\"item-image relative\">\r\n                                    <img loading=\"lazy\" decoding=\"async\" class=\"no-lazyload\" src=\"https:\/\/hotelpeperhuys.nl\/wp-content\/uploads\/2026\/04\/Pirana-Oma-en-kinderen-worden-nat-door-de-waterval-scaled-e1775072443661-1000x611.jpg\" width=\"1000\" height=\"611\" alt=\"Pira\u00f1a - La abuela y los ni\u00f1os se mojan por la cascada\" title=\"Pira\u00f1a - La abuela y los ni\u00f1os se mojan por la cascada\" \/>                                <\/div>\r\n                                                    <\/div>\r\n                                            <\/div>\r\n                                    <div class=\"pxl-swiper-slide swiper-slide\">\r\n                        <div class=\"item-inner relative overflow-hidden\">\r\n                                                            <div class=\"item-image relative\">\r\n                                    <img loading=\"lazy\" decoding=\"async\" class=\"no-lazyload\" src=\"https:\/\/hotelpeperhuys.nl\/wp-content\/uploads\/2026\/04\/Pardoes-de-Tovernar-en-Prinses-Pardijn-Met-meisje-voor-Symbolica-scaled-e1775072465706-1000x611.jpg\" width=\"1000\" height=\"611\" alt=\"Pardoes de Tovernar y Prinses Pardijn - Con ni\u00f1a para Symbolica\" title=\"Pardoes de Tovernar y Prinses Pardijn - Con ni\u00f1a para Symbolica\" \/>                                <\/div>\r\n                                                    <\/div>\r\n                                            <\/div>\r\n                                    <div class=\"pxl-swiper-slide swiper-slide\">\r\n                        <div class=\"item-inner relative overflow-hidden\">\r\n                                                            <div class=\"item-image relative\">\r\n                                    <img loading=\"lazy\" decoding=\"async\" class=\"no-lazyload\" src=\"https:\/\/hotelpeperhuys.nl\/wp-content\/uploads\/2026\/04\/Pirana-Bootje-bij-waterspuwers-scaled-e1775072593600-1000x611.jpg\" width=\"1000\" height=\"611\" alt=\"Pira\u00f1a - Bota de agua\" title=\"Pira\u00f1a - Bota de agua\" \/>                                <\/div>\r\n                                                    <\/div>\r\n                                            <\/div>\r\n                                    <div class=\"pxl-swiper-slide swiper-slide\">\r\n                        <div class=\"item-inner relative overflow-hidden\">\r\n                                                            <div class=\"item-image relative\">\r\n                                    <img loading=\"lazy\" decoding=\"async\" class=\"no-lazyload\" src=\"https:\/\/hotelpeperhuys.nl\/wp-content\/uploads\/2026\/04\/Pardoes-de-Tovernar-Voor-Symbolica-scaled-e1775072609324-1000x611.jpg\" width=\"1000\" height=\"611\" alt=\"Pardoes de Tovernar - Para Symbolica\" title=\"Pardoes de Tovernar - Para Symbolica\" \/>                                <\/div>\r\n                                                    <\/div>\r\n                                            <\/div>\r\n                                    <div class=\"pxl-swiper-slide swiper-slide\">\r\n                        <div class=\"item-inner relative overflow-hidden\">\r\n                                                            <div class=\"item-image relative\">\r\n                                    <img loading=\"lazy\" decoding=\"async\" class=\"no-lazyload\" src=\"https:\/\/hotelpeperhuys.nl\/wp-content\/uploads\/2026\/04\/Muzikale-Paddenstoel-Kinderen-bij-een-paddenstoel-scaled-e1775072625312-1000x611.jpg\" width=\"1000\" height=\"611\" alt=\"El Seta Musical - Ni\u00f1os junto a una seta\" title=\"El Seta Musical - Ni\u00f1os junto a una seta\" \/>                                <\/div>\r\n                                                    <\/div>\r\n                                            <\/div>\r\n                                    <div class=\"pxl-swiper-slide swiper-slide\">\r\n                        <div class=\"item-inner relative overflow-hidden\">\r\n                                                            <div class=\"item-image relative\">\r\n                                    <img loading=\"lazy\" decoding=\"async\" class=\"no-lazyload\" src=\"https:\/\/hotelpeperhuys.nl\/wp-content\/uploads\/2026\/04\/De-zes-Dienaren-Kinderen-kijken-naar-Langnek-scaled-e1775072641353-1000x611.jpg\" width=\"1000\" height=\"611\" alt=\"Los seis sirvientes - Los ni\u00f1os miran a la Jirafa\" title=\"Los seis sirvientes - Los ni\u00f1os miran a la Jirafa\" \/>                                <\/div>\r\n                                                    <\/div>\r\n                                            <\/div>\r\n                                    <div class=\"pxl-swiper-slide swiper-slide\">\r\n                        <div class=\"item-inner relative overflow-hidden\">\r\n                                                            <div class=\"item-image relative\">\r\n                                    <img loading=\"lazy\" decoding=\"async\" class=\"no-lazyload\" src=\"https:\/\/hotelpeperhuys.nl\/wp-content\/uploads\/2026\/04\/Max-Moritz-Gezin-in-karretje-scaled-e1775072502641-1000x611.jpg\" width=\"1000\" height=\"611\" alt=\"Max y Moritz - Ni\u00f1os en carrito\" title=\"Max y Moritz - Ni\u00f1os en carrito\" \/>                                <\/div>\r\n                                                    <\/div>\r\n                                            <\/div>\r\n                                    <div class=\"pxl-swiper-slide swiper-slide\">\r\n                        <div class=\"item-inner relative overflow-hidden\">\r\n                                                            <div class=\"item-image relative\">\r\n                                    <img loading=\"lazy\" decoding=\"async\" class=\"no-lazyload\" src=\"https:\/\/hotelpeperhuys.nl\/wp-content\/uploads\/2026\/04\/Pardoes-de-Tovernar-Krijgt-een-kus-van-een-meisje-scaled-e1775072486638-900x611.jpg\" width=\"900\" height=\"611\" alt=\"Pardoes de Tovernar - Recibe un beso de una chica\" title=\"Pardoes de Tovernar - Recibe un beso de una chica\" \/>                                <\/div>\r\n                                                    <\/div>\r\n                                            <\/div>\r\n                                    <div class=\"pxl-swiper-slide swiper-slide\">\r\n                        <div class=\"item-inner relative overflow-hidden\">\r\n                                                            <div class=\"item-image relative\">\r\n                                    <img loading=\"lazy\" decoding=\"async\" class=\"no-lazyload\" src=\"https:\/\/hotelpeperhuys.nl\/wp-content\/uploads\/2026\/04\/Python-Zussen-in-karretje-scaled-e1775073162850-1000x611.jpg\" width=\"1000\" height=\"611\" alt=\"Python - Hermanas en un carrito\" title=\"Python - Hermanas en un carrito\" \/>                                <\/div>\r\n                                                    <\/div>\r\n                                            <\/div>\r\n                                    <div class=\"pxl-swiper-slide swiper-slide\">\r\n                        <div class=\"item-inner relative overflow-hidden\">\r\n                                                            <div class=\"item-image relative\">\r\n                                    <img loading=\"lazy\" decoding=\"async\" class=\"no-lazyload\" src=\"https:\/\/hotelpeperhuys.nl\/wp-content\/uploads\/2026\/04\/Gondoletta-Pagode-op-de-achtergrond-in-golden-hour--scaled-e1775073194225-900x611.jpg\" width=\"900\" height=\"611\" alt=\"Gondoletta - Pagoda al fondo durante la hora dorada\" title=\"Gondoletta - Pagoda al fondo durante la hora dorada\" \/>                                <\/div>\r\n                                                    <\/div>\r\n                                            <\/div>\r\n                            <\/div>    \r\n        <\/div>\r\n    <\/div>\r\n            <div class=\"pxl-swiper-arrows nav-in-vertical\">\r\n            <div class=\"pxl-swiper-arrow pxl-swiper-arrow-prev\"><span class=\"pxl-icon pxli-left-arrow\"><\/span><\/div>\r\n            <div class=\"pxl-swiper-arrow pxl-swiper-arrow-next\"><span class=\"pxl-icon pxli-right-arrow\"><\/span><\/div>\r\n        <\/div>\r\n        <\/div>\r\n \r\n\t\t\t\t<\/div>\n\t\t\t\t<\/div>\n\t\t                    <\/div>\r\n        <\/div>\r\n        \t\t\t<\/div>\n\t\t<\/section>\n\t\t\t\t<\/div>","protected":false},"excerpt":{"rendered":"<p>https:\/\/hotelpeperhuys.nl\/wp-content\/uploads\/2026\/04\/Video-Efteling.mp4 EFTELING DEAL Make your visit to the Efteling even more magical with our specially designed Efteling Deal. Everything is arranged for you, so you can simply relax and enjoy a carefree stay. After a day full of fairy tales, thrilling rides, and unforgettable moments, return to the comfort of Hotel \u2019t Peperhuys. No stress, [&hellip;]<\/p>\n","protected":false},"author":1,"featured_media":0,"parent":0,"menu_order":0,"comment_status":"closed","ping_status":"closed","template":"","meta":{"footnotes":""},"class_list":["post-2205","page","type-page","status-publish","hentry"],"_links":{"self":[{"href":"https:\/\/hotelpeperhuys.nl\/es\/wp-json\/wp\/v2\/pages\/2205","targetHints":{"allow":["GET"]}}],"collection":[{"href":"https:\/\/hotelpeperhuys.nl\/es\/wp-json\/wp\/v2\/pages"}],"about":[{"href":"https:\/\/hotelpeperhuys.nl\/es\/wp-json\/wp\/v2\/types\/page"}],"author":[{"embeddable":true,"href":"https:\/\/hotelpeperhuys.nl\/es\/wp-json\/wp\/v2\/users\/1"}],"replies":[{"embeddable":true,"href":"https:\/\/hotelpeperhuys.nl\/es\/wp-json\/wp\/v2\/comments?post=2205"}],"version-history":[{"count":143,"href":"https:\/\/hotelpeperhuys.nl\/es\/wp-json\/wp\/v2\/pages\/2205\/revisions"}],"predecessor-version":[{"id":21297,"href":"https:\/\/hotelpeperhuys.nl\/es\/wp-json\/wp\/v2\/pages\/2205\/revisions\/21297"}],"wp:attachment":[{"href":"https:\/\/hotelpeperhuys.nl\/es\/wp-json\/wp\/v2\/media?parent=2205"}],"curies":[{"name":"wp","href":"https:\/\/api.w.org\/{rel}","templated":true}]}}