{"id":12270,"date":"2024-04-03T02:32:05","date_gmt":"2024-04-03T02:32:05","guid":{"rendered":"https:\/\/demo.7iquid.com\/carmelina\/?page_id=12270"},"modified":"2026-04-04T18:02:03","modified_gmt":"2026-04-04T18:02:03","slug":"restaurante-2","status":"publish","type":"page","link":"https:\/\/hotelpeperhuys.nl\/es\/restaurant-2\/","title":{"rendered":"Restaurant"},"content":{"rendered":"<div data-elementor-type=\"wp-page\" data-elementor-id=\"12270\" class=\"elementor elementor-12270\">\n\t\t\t\t        <section class=\"elementor-section elementor-top-section elementor-element elementor-element-232feb9 elementor-section-boxed elementor-section-height-default elementor-section-height-default pxl-section-static-pos-no pxl-section-overflow-hidden-no pxl-container-margin-auto-no\" data-id=\"232feb9\" data-element_type=\"section\" data-e-type=\"section\">\n\n                \n                <div class=\"elementor-container elementor-column-gap-default\">\n                <div class=\"elementor-column elementor-col-100 elementor-top-column elementor-element elementor-element-9b39953 col-offset-none pxl-column-element-default pxl-column-overflow-hidden-no\" data-id=\"9b39953\" data-element_type=\"column\" data-e-type=\"column\">\r\n        <div class=\"elementor-widget-wrap elementor-element-populated\">\r\n                    \t\t<div class=\"elementor-element elementor-element-9b05809 elementor-widget elementor-widget-pxl_divider\" data-id=\"9b05809\" data-element_type=\"widget\" data-e-type=\"widget\" data-widget_type=\"pxl_divider.default\">\n\t\t\t\t<div class=\"elementor-widget-container\">\n\t\t\t\t\t<div class=\"pxl-divider horizontal\"><div class=\"pxl-divider-separator\"><\/div><\/div>\t\t\t\t<\/div>\n\t\t\t\t<\/div>\n\t\t                    <\/div>\r\n        <\/div>\r\n        \t\t\t<\/div>\n\t\t<\/section>\n\t\t        <section class=\"elementor-section elementor-top-section elementor-element elementor-element-bd931b7 elementor-section-boxed elementor-section-height-default elementor-section-height-default pxl-section-static-pos-no pxl-section-overflow-hidden-no pxl-container-margin-auto-no\" data-id=\"bd931b7\" data-element_type=\"section\" data-e-type=\"section\">\n\n                \n                <div class=\"elementor-container elementor-column-gap-default\">\n                <div class=\"elementor-column elementor-col-100 elementor-top-column elementor-element elementor-element-325fa03 col-offset-none pxl-column-element-default pxl-column-overflow-hidden-no\" data-id=\"325fa03\" data-element_type=\"column\" data-e-type=\"column\">\r\n        <div class=\"elementor-widget-wrap elementor-element-populated\">\r\n                    \t\t<div class=\"elementor-element elementor-element-8457841 elementor-widget elementor-widget-pxl_heading\" data-id=\"8457841\" data-element_type=\"widget\" data-e-type=\"widget\" data-widget_type=\"pxl_heading.default\">\n\t\t\t\t<div class=\"elementor-widget-container\">\n\t\t\t\t\t<div class=\"pxl-heading-wrap d-flex\">\n    <div class=\"pxl-heading-inner center\">\n                <h2 class=\"heading-title\">\n                        Restaurantes y Bares         <\/h2>\n            <\/div>\n<\/div>\n\n\t\t\t\t<\/div>\n\t\t\t\t<\/div>\n\t\t\t\t<div class=\"elementor-element elementor-element-634a19d elementor-widget elementor-widget-pxl_text_editor\" data-id=\"634a19d\" data-element_type=\"widget\" data-e-type=\"widget\" data-widget_type=\"pxl_text_editor.default\">\n\t\t\t\t<div class=\"elementor-widget-container\">\n\t\t\t\t\t<div id=\"pxl_text_editor-634a19d-3632\" class=\"pxl-text-editor-wrap d-flex\" >\n\t<div class=\"pxl-text-editor elementor-clearfix\">\n\t\t<p>Descubra algunos de los mejores restaurantes cercanos, todos a poca distancia a pie del hotel.<br \/>Perfecto para una cena relajada o una acogedora velada.<\/p>\t\t\n\t<\/div>\n<\/div>\t\t\t\t<\/div>\n\t\t\t\t<\/div>\n\t\t                    <\/div>\r\n        <\/div>\r\n        \t\t\t<\/div>\n\t\t<\/section>\n\t\t        <section class=\"elementor-section elementor-top-section elementor-element elementor-element-fec52a9 elementor-section-boxed elementor-section-height-default elementor-section-height-default pxl-section-static-pos-no pxl-section-overflow-hidden-no pxl-container-margin-auto-no\" data-id=\"fec52a9\" data-element_type=\"section\" data-e-type=\"section\">\n\n                \n                <div class=\"elementor-container elementor-column-gap-default\">\n                <div class=\"elementor-column elementor-col-33 elementor-top-column elementor-element elementor-element-8a1f5cc col-offset-none pxl-column-element-default pxl-column-overflow-hidden-no\" data-id=\"8a1f5cc\" data-element_type=\"column\" data-e-type=\"column\">\r\n        <div class=\"elementor-widget-wrap elementor-element-populated\">\r\n                    \t\t<div class=\"elementor-element elementor-element-5e64fe2 pxl-fancybox-layout-4 elementor-widget elementor-widget-pxl_fancy_box\" data-id=\"5e64fe2\" data-element_type=\"widget\" data-e-type=\"widget\" data-widget_type=\"pxl_fancy_box.default\">\n\t\t\t\t<div class=\"elementor-widget-container\">\n\t\t\t\t\t \r\n<div class=\"pxl-fancybox-wrap d-flex text-center layout-4\">\r\n    <div class=\"fancybox-inner relative\">\r\n        <div class=\"fancy-img\">\r\n            <img fetchpriority=\"high\" decoding=\"async\" class=\"\" src=\"https:\/\/hotelpeperhuys.nl\/wp-content\/uploads\/2026\/04\/XO-1-370x493-1.jpg\" width=\"370\" height=\"493\" alt=\"XO-1-370x493\" title=\"XO-1-370x493\" \/>        <\/div>\r\n        <div class=\"pxl-overlay\"><\/div> \r\n        <div class=\"pxl-fancybox-content\">\r\n                        <h3 class=\"title pxl-heading\">\r\n                Restaurante XO            <\/h3>\r\n                                    <div class=\"desc\">\r\n                En XO, todo gira en torno a la comida moderna e innovadora.            <\/div>\r\n                        <a class=\"pxl-readmore d-flex align-items-center\" href=\"https:\/\/restaurantxo.nl\/\" target=\"_blank\">                <span class=\"pxl-button-text\">Sitio web<\/span>\r\n                <span class=\"pxl-icon pxli-long-arrow-right\"><\/span>\r\n            <\/a>        <\/div> \r\n         \r\n        <div class=\"title-bottom\">\r\n                            <h3 class=\"title pxl-heading\">\r\n                    Restaurante XO                <\/h3>\r\n                    <\/div>\r\n    <\/div>  \r\n<\/div>\r\n \r\n\r\n\r\n\r\n\t\t\t\t<\/div>\n\t\t\t\t<\/div>\n\t\t                    <\/div>\r\n        <\/div>\r\n                <div class=\"elementor-column elementor-col-33 elementor-top-column elementor-element elementor-element-29a1633 col-offset-none pxl-column-element-default pxl-column-overflow-hidden-no\" data-id=\"29a1633\" data-element_type=\"column\" data-e-type=\"column\">\r\n        <div class=\"elementor-widget-wrap elementor-element-populated\">\r\n                    \t\t<div class=\"elementor-element elementor-element-07aec11 pxl-fancybox-layout-4 elementor-widget elementor-widget-pxl_fancy_box\" data-id=\"07aec11\" data-element_type=\"widget\" data-e-type=\"widget\" data-widget_type=\"pxl_fancy_box.default\">\n\t\t\t\t<div class=\"elementor-widget-container\">\n\t\t\t\t\t \r\n<div class=\"pxl-fancybox-wrap d-flex text-center layout-4\">\r\n    <div class=\"fancybox-inner relative\">\r\n        <div class=\"fancy-img\">\r\n            <img decoding=\"async\" class=\"\" src=\"https:\/\/hotelpeperhuys.nl\/wp-content\/uploads\/2026\/04\/Bistro-de-Leckernij-2-370x493-1.jpg\" width=\"370\" height=\"493\" alt=\"Bistro-de-Leckernij-2-370x493\" title=\"Bistro-de-Leckernij-2-370x493\" \/>        <\/div>\r\n        <div class=\"pxl-overlay\"><\/div> \r\n        <div class=\"pxl-fancybox-content\">\r\n                        <h3 class=\"title pxl-heading\">\r\n                Bistr\u00f3 de Leckernij            <\/h3>\r\n                                    <div class=\"desc\">\r\n                Sum\u00e9rgete en el calor y la acogida de nuestro bistr\u00f3 cl\u00e1sico franc\u00e9s            <\/div>\r\n                        <a class=\"pxl-readmore d-flex align-items-center\" href=\"https:\/\/leckernij.nl\/\" target=\"_blank\">                <span class=\"pxl-button-text\">Sitio web<\/span>\r\n                <span class=\"pxl-icon pxli-long-arrow-right\"><\/span>\r\n            <\/a>        <\/div> \r\n         \r\n        <div class=\"title-bottom\">\r\n                            <h3 class=\"title pxl-heading\">\r\n                    Bistr\u00f3 de Leckernij                <\/h3>\r\n                    <\/div>\r\n    <\/div>  \r\n<\/div>\r\n \r\n\r\n\r\n\r\n\t\t\t\t<\/div>\n\t\t\t\t<\/div>\n\t\t                    <\/div>\r\n        <\/div>\r\n                <div class=\"elementor-column elementor-col-33 elementor-top-column elementor-element elementor-element-2d88da0 col-offset-none pxl-column-element-default pxl-column-overflow-hidden-no\" data-id=\"2d88da0\" data-element_type=\"column\" data-e-type=\"column\">\r\n        <div class=\"elementor-widget-wrap elementor-element-populated\">\r\n                    \t\t<div class=\"elementor-element elementor-element-2060491 pxl-fancybox-layout-4 elementor-widget elementor-widget-pxl_fancy_box\" data-id=\"2060491\" data-element_type=\"widget\" data-e-type=\"widget\" data-widget_type=\"pxl_fancy_box.default\">\n\t\t\t\t<div class=\"elementor-widget-container\">\n\t\t\t\t\t \r\n<div class=\"pxl-fancybox-wrap d-flex text-center layout-4\">\r\n    <div class=\"fancybox-inner relative\">\r\n        <div class=\"fancy-img\">\r\n            <img decoding=\"async\" class=\"\" src=\"https:\/\/hotelpeperhuys.nl\/wp-content\/uploads\/2026\/04\/molenkaatsheuvel-1-370x493-1.jpg\" width=\"370\" height=\"493\" alt=\"molenkaatsheuvel-1-370x493\" title=\"molenkaatsheuvel-1-370x493\" \/>        <\/div>\r\n        <div class=\"pxl-overlay\"><\/div> \r\n        <div class=\"pxl-fancybox-content\">\r\n                        <h3 class=\"title pxl-heading\">\r\n                Restaurante De Molen            <\/h3>\r\n                                    <div class=\"desc\">\r\n                La cocina europea es el centro de nuestro men\u00fa, complementada con los sabores de la temporada.            <\/div>\r\n                        <a class=\"pxl-readmore d-flex align-items-center\" href=\"https:\/\/demolenkaatsheuvel.nl\/\" target=\"_blank\">                <span class=\"pxl-button-text\">Sitio web<\/span>\r\n                <span class=\"pxl-icon pxli-long-arrow-right\"><\/span>\r\n            <\/a>        <\/div> \r\n         \r\n        <div class=\"title-bottom\">\r\n                            <h3 class=\"title pxl-heading\">\r\n                    Restaurante De Molen                <\/h3>\r\n                    <\/div>\r\n    <\/div>  \r\n<\/div>\r\n \r\n\r\n\r\n\r\n\t\t\t\t<\/div>\n\t\t\t\t<\/div>\n\t\t                    <\/div>\r\n        <\/div>\r\n        \t\t\t<\/div>\n\t\t<\/section>\n\t\t        <section class=\"elementor-section elementor-top-section elementor-element elementor-element-5b2817a elementor-section-boxed elementor-section-height-default elementor-section-height-default pxl-section-static-pos-no pxl-section-overflow-hidden-no pxl-container-margin-auto-no\" data-id=\"5b2817a\" data-element_type=\"section\" data-e-type=\"section\">\n\n                \n                <div class=\"elementor-container elementor-column-gap-default\">\n                <div class=\"elementor-column elementor-col-33 elementor-top-column elementor-element elementor-element-52d844d col-offset-none pxl-column-element-default pxl-column-overflow-hidden-no\" data-id=\"52d844d\" data-element_type=\"column\" data-e-type=\"column\">\r\n        <div class=\"elementor-widget-wrap elementor-element-populated\">\r\n                    \t\t<div class=\"elementor-element elementor-element-809877e pxl-fancybox-layout-4 elementor-widget elementor-widget-pxl_fancy_box\" data-id=\"809877e\" data-element_type=\"widget\" data-e-type=\"widget\" data-widget_type=\"pxl_fancy_box.default\">\n\t\t\t\t<div class=\"elementor-widget-container\">\n\t\t\t\t\t \r\n<div class=\"pxl-fancybox-wrap d-flex text-center layout-4\">\r\n    <div class=\"fancybox-inner relative\">\r\n        <div class=\"fancy-img\">\r\n            <img loading=\"lazy\" decoding=\"async\" class=\"\" src=\"https:\/\/hotelpeperhuys.nl\/wp-content\/uploads\/2026\/04\/Anton-370x493-1.jpg\" width=\"370\" height=\"493\" alt=\"Ant\u00f3n-370x493\" title=\"Ant\u00f3n-370x493\" \/>        <\/div>\r\n        <div class=\"pxl-overlay\"><\/div> \r\n        <div class=\"pxl-fancybox-content\">\r\n                        <h3 class=\"title pxl-heading\">\r\n                En Anton            <\/h3>\r\n                                    <div class=\"desc\">\r\n                En Anton, el lugar ideal para un delicioso aperitivo, almuerzo o cena.            <\/div>\r\n                        <a class=\"pxl-readmore d-flex align-items-center\" href=\"https:\/\/bijanton.nl\/\" target=\"_blank\">                <span class=\"pxl-button-text\">Sitio web<\/span>\r\n                <span class=\"pxl-icon pxli-long-arrow-right\"><\/span>\r\n            <\/a>        <\/div> \r\n         \r\n        <div class=\"title-bottom\">\r\n                            <h3 class=\"title pxl-heading\">\r\n                    En Anton                <\/h3>\r\n                    <\/div>\r\n    <\/div>  \r\n<\/div>\r\n \r\n\r\n\r\n\r\n\t\t\t\t<\/div>\n\t\t\t\t<\/div>\n\t\t                    <\/div>\r\n        <\/div>\r\n                <div class=\"elementor-column elementor-col-33 elementor-top-column elementor-element elementor-element-2043bba col-offset-none pxl-column-element-default pxl-column-overflow-hidden-no\" data-id=\"2043bba\" data-element_type=\"column\" data-e-type=\"column\">\r\n        <div class=\"elementor-widget-wrap elementor-element-populated\">\r\n                    \t\t<div class=\"elementor-element elementor-element-e529658 pxl-fancybox-layout-4 elementor-widget elementor-widget-pxl_fancy_box\" data-id=\"e529658\" data-element_type=\"widget\" data-e-type=\"widget\" data-widget_type=\"pxl_fancy_box.default\">\n\t\t\t\t<div class=\"elementor-widget-container\">\n\t\t\t\t\t \r\n<div class=\"pxl-fancybox-wrap d-flex text-center layout-4\">\r\n    <div class=\"fancybox-inner relative\">\r\n        <div class=\"fancy-img\">\r\n            <img loading=\"lazy\" decoding=\"async\" class=\"\" src=\"https:\/\/hotelpeperhuys.nl\/wp-content\/uploads\/2026\/04\/Mykonos-restaurant-binnen-bar-2-370x493-1.jpg\" width=\"370\" height=\"493\" alt=\"Mykonos-restaurante-interior-bar-2-370x493\" title=\"Mykonos-restaurante-interior-bar-2-370x493\" \/>        <\/div>\r\n        <div class=\"pxl-overlay\"><\/div> \r\n        <div class=\"pxl-fancybox-content\">\r\n                        <h3 class=\"title pxl-heading\">\r\n                Restaurante Griego Mykonos            <\/h3>\r\n                                    <div class=\"desc\">\r\n                \u00bfDesea disfrutar de una deliciosa comida griega aut\u00e9ntica? Reserve en el restaurante griego Mykonos en Kaatsheuvel.            <\/div>\r\n                        <a class=\"pxl-readmore d-flex align-items-center\" href=\"https:\/\/mykonoskaatsheuvel.nl\/\" target=\"_blank\">                <span class=\"pxl-button-text\">Sitio web<\/span>\r\n                <span class=\"pxl-icon pxli-long-arrow-right\"><\/span>\r\n            <\/a>        <\/div> \r\n         \r\n        <div class=\"title-bottom\">\r\n                            <h3 class=\"title pxl-heading\">\r\n                    Restaurante Griego Mykonos                <\/h3>\r\n                    <\/div>\r\n    <\/div>  \r\n<\/div>\r\n \r\n\r\n\r\n\r\n\t\t\t\t<\/div>\n\t\t\t\t<\/div>\n\t\t                    <\/div>\r\n        <\/div>\r\n                <div class=\"elementor-column elementor-col-33 elementor-top-column elementor-element elementor-element-8b33a21 col-offset-none pxl-column-element-default pxl-column-overflow-hidden-no\" data-id=\"8b33a21\" data-element_type=\"column\" data-e-type=\"column\">\r\n        <div class=\"elementor-widget-wrap elementor-element-populated\">\r\n                    \t\t<div class=\"elementor-element elementor-element-ff4ae6b pxl-fancybox-layout-4 elementor-widget elementor-widget-pxl_fancy_box\" data-id=\"ff4ae6b\" data-element_type=\"widget\" data-e-type=\"widget\" data-widget_type=\"pxl_fancy_box.default\">\n\t\t\t\t<div class=\"elementor-widget-container\">\n\t\t\t\t\t \r\n<div class=\"pxl-fancybox-wrap d-flex text-center layout-4\">\r\n    <div class=\"fancybox-inner relative\">\r\n        <div class=\"fancy-img\">\r\n            <img loading=\"lazy\" decoding=\"async\" class=\"\" src=\"https:\/\/hotelpeperhuys.nl\/wp-content\/uploads\/2026\/04\/Ichi-scaled-370x493-1.jpg\" width=\"370\" height=\"493\" alt=\"Ichi-escalado-370x493 (1)\" title=\"Ichi-escalado-370x493 (1)\" \/>        <\/div>\r\n        <div class=\"pxl-overlay\"><\/div> \r\n        <div class=\"pxl-fancybox-content\">\r\n                        <h3 class=\"title pxl-heading\">\r\n                Ichi Lounge Kaatsheuvel            <\/h3>\r\n                                    <div class=\"desc\">\r\n                Como sal\u00f3n de cenas compartidas, re\u00fanen a las personas a trav\u00e9s de una cocina refinada.            <\/div>\r\n                        <a class=\"pxl-readmore d-flex align-items-center\" href=\"https:\/\/ichilounge.nl\/kaatsheuvel\/\" target=\"_blank\">                <span class=\"pxl-button-text\">Sitio web<\/span>\r\n                <span class=\"pxl-icon pxli-long-arrow-right\"><\/span>\r\n            <\/a>        <\/div> \r\n         \r\n        <div class=\"title-bottom\">\r\n                            <h3 class=\"title pxl-heading\">\r\n                    Ichi Lounge Kaatsheuvel                <\/h3>\r\n                    <\/div>\r\n    <\/div>  \r\n<\/div>\r\n \r\n\r\n\r\n\r\n\t\t\t\t<\/div>\n\t\t\t\t<\/div>\n\t\t                    <\/div>\r\n        <\/div>\r\n        \t\t\t<\/div>\n\t\t<\/section>\n\t\t\t\t<\/div>","protected":false},"excerpt":{"rendered":"<p>Restaurants &amp; Bars Discover some of the best restaurants nearby, all within easy walking distance of the hotel.Perfect for a relaxed dinner or a cozy evening out. Restaurant XO Bij XO draait alles om trendy en vernieuwend eten Website Restaurant XO Bistro de Leckernij Dompel je onder in de warmte en gezelligheid van onze klassiek-Franse [&hellip;]<\/p>\n","protected":false},"author":1,"featured_media":0,"parent":0,"menu_order":0,"comment_status":"closed","ping_status":"closed","template":"","meta":{"footnotes":""},"class_list":["post-12270","page","type-page","status-publish","hentry"],"_links":{"self":[{"href":"https:\/\/hotelpeperhuys.nl\/es\/wp-json\/wp\/v2\/pages\/12270","targetHints":{"allow":["GET"]}}],"collection":[{"href":"https:\/\/hotelpeperhuys.nl\/es\/wp-json\/wp\/v2\/pages"}],"about":[{"href":"https:\/\/hotelpeperhuys.nl\/es\/wp-json\/wp\/v2\/types\/page"}],"author":[{"embeddable":true,"href":"https:\/\/hotelpeperhuys.nl\/es\/wp-json\/wp\/v2\/users\/1"}],"replies":[{"embeddable":true,"href":"https:\/\/hotelpeperhuys.nl\/es\/wp-json\/wp\/v2\/comments?post=12270"}],"version-history":[{"count":46,"href":"https:\/\/hotelpeperhuys.nl\/es\/wp-json\/wp\/v2\/pages\/12270\/revisions"}],"predecessor-version":[{"id":21282,"href":"https:\/\/hotelpeperhuys.nl\/es\/wp-json\/wp\/v2\/pages\/12270\/revisions\/21282"}],"wp:attachment":[{"href":"https:\/\/hotelpeperhuys.nl\/es\/wp-json\/wp\/v2\/media?parent=12270"}],"curies":[{"name":"wp","href":"https:\/\/api.w.org\/{rel}","templated":true}]}}