{"id":1057,"date":"2022-09-08T03:58:13","date_gmt":"2022-09-08T03:58:13","guid":{"rendered":"https:\/\/demo.7iquid.com\/carmelina\/?page_id=1057"},"modified":"2026-04-03T13:29:06","modified_gmt":"2026-04-03T13:29:06","slug":"preguntas-frecuentes","status":"publish","type":"page","link":"https:\/\/hotelpeperhuys.nl\/es\/faqs\/","title":{"rendered":"FAQs"},"content":{"rendered":"<div data-elementor-type=\"wp-page\" data-elementor-id=\"1057\" class=\"elementor elementor-1057\">\n\t\t\t\t        <section class=\"elementor-section elementor-top-section elementor-element elementor-element-4b1ace5 elementor-section-boxed elementor-section-height-default elementor-section-height-default pxl-section-static-pos-no pxl-section-overflow-hidden-no pxl-container-margin-auto-no\" data-id=\"4b1ace5\" data-element_type=\"section\" data-e-type=\"section\">\n\n                \n                <div class=\"elementor-container elementor-column-gap-default\">\n                <div class=\"elementor-column elementor-col-100 elementor-top-column elementor-element elementor-element-3109700 col-offset-none pxl-column-element-default pxl-column-overflow-hidden-no\" data-id=\"3109700\" data-element_type=\"column\" data-e-type=\"column\">\r\n        <div class=\"elementor-widget-wrap elementor-element-populated\">\r\n                            <section class=\"elementor-section elementor-inner-section elementor-element elementor-element-9850bd3 elementor-section-content-middle elementor-section-boxed elementor-section-height-default elementor-section-height-default pxl-section-static-pos-no pxl-section-overflow-hidden-no pxl-container-margin-auto-no\" data-id=\"9850bd3\" data-element_type=\"section\" data-e-type=\"section\">\n\n                \n                <div class=\"elementor-container elementor-column-gap-default\">\n                <div class=\"elementor-column elementor-col-50 elementor-inner-column elementor-element elementor-element-dbea91e pxl-column-element-auto col-offset-none pxl-column-overflow-hidden-no\" data-id=\"dbea91e\" data-element_type=\"column\" data-e-type=\"column\">\r\n        <div class=\"elementor-widget-wrap elementor-element-populated\">\r\n                    \t\t<div class=\"elementor-element elementor-element-e92497e elementor-view-stacked elementor-shape-square d-inline-flex p-sm-10 elementor-widget elementor-widget-icon\" data-id=\"e92497e\" data-element_type=\"widget\" data-e-type=\"widget\" data-widget_type=\"icon.default\">\n\t\t\t\t\t\t\t<div class=\"elementor-icon-wrapper\">\n\t\t\t<div class=\"elementor-icon\">\n\t\t\t<i aria-hidden=\"true\" class=\"pxli pxli-star-o\"><\/i>\t\t\t<\/div>\n\t\t<\/div>\n\t\t\t\t\t\t<\/div>\n\t\t                    <\/div>\r\n        <\/div>\r\n                <div class=\"elementor-column elementor-col-50 elementor-inner-column elementor-element elementor-element-f685d9d pxl-column-element-grow col-offset-none pxl-column-overflow-hidden-no\" data-id=\"f685d9d\" data-element_type=\"column\" data-e-type=\"column\">\r\n        <div class=\"elementor-widget-wrap elementor-element-populated\">\r\n                    \t\t<div class=\"elementor-element elementor-element-115f483 elementor-widget__width-auto elementor-widget elementor-widget-pxl_heading\" data-id=\"115f483\" data-element_type=\"widget\" data-e-type=\"widget\" data-widget_type=\"pxl_heading.default\">\n\t\t\t\t<div class=\"elementor-widget-container\">\n\t\t\t\t\t<div class=\"pxl-heading-wrap d-flex\">\n    <div class=\"pxl-heading-inner\">\n                <h3 class=\"heading-title\">\n                        Todo lo que necesitas saber antes de visitar Efteling         <\/h3>\n            <\/div>\n<\/div>\n\n\t\t\t\t<\/div>\n\t\t\t\t<\/div>\n\t\t                    <\/div>\r\n        <\/div>\r\n        \t\t\t<\/div>\n\t\t<\/section>\n\t\t                    <\/div>\r\n        <\/div>\r\n        \t\t\t<\/div>\n\t\t<\/section>\n\t\t        <section class=\"elementor-section elementor-top-section elementor-element elementor-element-327962b elementor-section-boxed elementor-section-height-default elementor-section-height-default pxl-section-static-pos-no pxl-section-overflow-hidden-no pxl-container-margin-auto-no\" data-id=\"327962b\" data-element_type=\"section\" data-e-type=\"section\">\n\n                \n                <div class=\"elementor-container elementor-column-gap-default\">\n                <div class=\"elementor-column elementor-col-50 elementor-top-column elementor-element elementor-element-507189d col-offset-none pxl-column-element-default pxl-column-overflow-hidden-no\" data-id=\"507189d\" data-element_type=\"column\" data-e-type=\"column\">\r\n        <div class=\"elementor-widget-wrap elementor-element-populated\">\r\n                    \t\t<div class=\"pxl-border-wg-anm elementor-element elementor-element-ce242be elementor-widget elementor-widget-pxl_accordion\" data-id=\"ce242be\" data-element_type=\"widget\" data-e-type=\"widget\" data-widget_type=\"pxl_accordion.default\">\n\t\t\t\t<div class=\"elementor-widget-container\">\n\t\t\t\t\t<div class=\"pxl-border-animated num-0\">\r\n        <div class=\"pxl-border-anm bt w-100\" style=\"--bd-width: px 0 0 0; border-style: ; border-color: ;\"><\/div>\r\n        <div class=\"pxl-border-anm br h-100\" style=\"--bd-width: 0 px 0 0; border-style: ; border-color: ;\"><\/div>\r\n        <div class=\"pxl-border-anm bb w-100\" style=\"--bd-width: 0 0 px 0; border-style: ; border-color: ;\"><\/div>\r\n        <div class=\"pxl-border-anm bl h-100\" style=\"--bd-width: 0 0 0 px; border-style: ; border-color: ;\"><\/div>\r\n        <\/div>    <div id=\"pxl_accordion-ce242be-9882\" class=\"pxl-accordion style1\">\r\n                    <div class=\"ac-item active\" data-target=\"#d6d739cpxl_accordion-ce242be-9882\"> \r\n                <div class=\"ac-title-wrap\">\r\n                    <a class=\"ac-title d-flex align-items-center\">\r\n                        <span class=\"col\">\u00bfA qu\u00e9 hora es el check-in y el check-out?<\/span>\r\n                        <i class=\"pxl-icon zmdi zmdi-plus col-auto\"><\/i>\r\n                    <\/a>\r\n                <\/div>\r\n                <div id=\"d6d739cpxl_accordion-ce242be-9882\" class=\"ac-content\" style=\"display:block;\">Le invitamos a registrarse entre las 15:00 y las 24:00. El Hotel \u2019t Peperhuys opera un sistema de auto check-in. Esto significa que un miembro del personal est\u00e1 presente hasta las 15:00, y a partir de ese momento puede registrarse usted mismo utilizando el c\u00f3digo que recibir\u00e1 antes de su llegada. Hemos elegido este sistema porque muchos hu\u00e9spedes que visitan Efteling regresan al hotel despu\u00e9s del cierre del parque, a menudo despu\u00e9s de cenar.<br \/>\n<br \/>\nSi planea visitar el Efteling el d\u00eda de su llegada, puede recoger sus entradas en el hotel antes de que abra el parque. Tambi\u00e9n realizaremos el registro de entrada en ese momento y podr\u00e1 dejar su equipaje con nosotros; nos aseguraremos de que se coloque de forma segura en su habitaci\u00f3n.<br \/>\n<br \/>\nLa salida es antes de las 11:00 AM<br \/>\n<\/div>\r\n            <\/div>\r\n                    <div class=\"ac-item\" data-target=\"#cfd575apxl_accordion-ce242be-9882\"> \r\n                <div class=\"ac-title-wrap\">\r\n                    <a class=\"ac-title d-flex align-items-center\">\r\n                        <span class=\"col\">\u00bfDebo elegir la fecha de mi visita a Efteling al reservar la oferta de Efteling?<\/span>\r\n                        <i class=\"pxl-icon zmdi zmdi-plus col-auto\"><\/i>\r\n                    <\/a>\r\n                <\/div>\r\n                <div id=\"cfd575apxl_accordion-ce242be-9882\" class=\"ac-content\">No, no es necesario. Una vez que llegue al hotel, organizaremos sus entradas de inmediato. Si planea visitar el parque el d\u00eda de su llegada, puede recoger sus entradas en el hotel antes del horario de apertura.<\/div>\r\n            <\/div>\r\n                    <div class=\"ac-item\" data-target=\"#fe464ffpxl_accordion-ce242be-9882\"> \r\n                <div class=\"ac-title-wrap\">\r\n                    <a class=\"ac-title d-flex align-items-center\">\r\n                        <span class=\"col\">He pagado un dep\u00f3sito de 50% por mi Efteling Deal. \u00bfQu\u00e9 sucede si no puedo ir?<\/span>\r\n                        <i class=\"pxl-icon zmdi zmdi-plus col-auto\"><\/i>\r\n                    <\/a>\r\n                <\/div>\r\n                <div id=\"fe464ffpxl_accordion-ce242be-9882\" class=\"ac-content\">Si no puedes venir, tu dep\u00f3sito ser\u00e1 reembolsado autom\u00e1ticamente.<br \/>\n<\/div>\r\n            <\/div>\r\n                    <div class=\"ac-item\" data-target=\"#e7f30aapxl_accordion-ce242be-9882\"> \r\n                <div class=\"ac-title-wrap\">\r\n                    <a class=\"ac-title d-flex align-items-center\">\r\n                        <span class=\"col\">\u00bfA partir de qu\u00e9 hora se sirve el desayuno y hasta qu\u00e9 hora?<\/span>\r\n                        <i class=\"pxl-icon zmdi zmdi-plus col-auto\"><\/i>\r\n                    <\/a>\r\n                <\/div>\r\n                <div id=\"e7f30aapxl_accordion-ce242be-9882\" class=\"ac-content\">El desayuno se sirve de 08:00 a 10:00 p.m.<\/div>\r\n            <\/div>\r\n                    <div class=\"ac-item\" data-target=\"#692a217pxl_accordion-ce242be-9882\"> \r\n                <div class=\"ac-title-wrap\">\r\n                    <a class=\"ac-title d-flex align-items-center\">\r\n                        <span class=\"col\">\u00bfA qu\u00e9 edad necesita nuestro hijo entradas para Efteling?<\/span>\r\n                        <i class=\"pxl-icon zmdi zmdi-plus col-auto\"><\/i>\r\n                    <\/a>\r\n                <\/div>\r\n                <div id=\"692a217pxl_accordion-ce242be-9882\" class=\"ac-content\">Los ni\u00f1os de 0 a 3 a\u00f1os pueden disfrutar de Efteling de forma gratuita, \u00a1qu\u00e9 maravilla! A partir de los 4 a\u00f1os, necesitar\u00e1n una entrada. Aseg\u00farate de introducir su edad durante el proceso de reserva para que todo est\u00e9 listo para tu visita.<\/div>\r\n            <\/div>\r\n                    <div class=\"ac-item\" data-target=\"#62cd694pxl_accordion-ce242be-9882\"> \r\n                <div class=\"ac-title-wrap\">\r\n                    <a class=\"ac-title d-flex align-items-center\">\r\n                        <span class=\"col\">\u00bfPuedo ir andando al Efteling?<\/span>\r\n                        <i class=\"pxl-icon zmdi zmdi-plus col-auto\"><\/i>\r\n                    <\/a>\r\n                <\/div>\r\n                <div id=\"62cd694pxl_accordion-ce242be-9882\" class=\"ac-content\">Nuestro hotel est\u00e1 ubicado en el coraz\u00f3n de Kaatsheuvel, a solo 15 minutos a pie del Efteling. \u00bfPrefiere no caminar? Con gusto le indicaremos un \u00e1rea de estacionamiento gratuita a solo 8 minutos de distancia; esta informaci\u00f3n tambi\u00e9n se incluye en su correo electr\u00f3nico de check-in en l\u00ednea.<br \/>\n<\/div>\r\n            <\/div>\r\n            <\/div>\r\n\t\t\t\t<\/div>\n\t\t\t\t<\/div>\n\t\t                    <\/div>\r\n        <\/div>\r\n                <div class=\"elementor-column elementor-col-50 elementor-top-column elementor-element elementor-element-492a30b col-offset-none pxl-column-element-default pxl-column-overflow-hidden-no\" data-id=\"492a30b\" data-element_type=\"column\" data-e-type=\"column\">\r\n        <div class=\"elementor-widget-wrap elementor-element-populated\">\r\n                    \t\t<div class=\"elementor-element elementor-element-22c85a7 elementor-widget elementor-widget-pxl_contact_form\" data-id=\"22c85a7\" data-element_type=\"widget\" data-e-type=\"widget\" data-widget_type=\"pxl_contact_form.default\">\n\t\t\t\t<div class=\"elementor-widget-container\">\n\t\t\t\t\t<div class=\"pxl-cf7-wrap relative\">\r\n    \n<div class=\"wpcf7 no-js\" id=\"wpcf7-f1091-o1\" lang=\"en-US\" dir=\"ltr\" data-wpcf7-id=\"1091\">\n<div class=\"screen-reader-response\"><p role=\"status\" aria-live=\"polite\" aria-atomic=\"true\"><\/p> <ul><\/ul><\/div>\n<form action=\"\/es\/wp-json\/wp\/v2\/pages\/1057#wpcf7-f1091-o1\" method=\"post\" class=\"wpcf7-form init\" aria-label=\"Contact form\" novalidate=\"novalidate\" data-status=\"init\" data-trp-original-action=\"\/es\/wp-json\/wp\/v2\/pages\/1057#wpcf7-f1091-o1\">\n<fieldset class=\"hidden-fields-container\"><input type=\"hidden\" name=\"_wpcf7\" value=\"1091\" \/><input type=\"hidden\" name=\"_wpcf7_version\" value=\"6.1.5\" \/><input type=\"hidden\" name=\"_wpcf7_locale\" value=\"en_US\" \/><input type=\"hidden\" name=\"_wpcf7_unit_tag\" value=\"wpcf7-f1091-o1\" \/><input type=\"hidden\" name=\"_wpcf7_container_post\" value=\"0\" \/><input type=\"hidden\" name=\"_wpcf7_posted_data_hash\" value=\"\" \/>\n<\/fieldset>\n<div class=\"contact-form-3\">\n\t<h4 class=\"form-title\">\u00bfNo puedes encontrar la respuesta? Preg\u00fantanos\n\t<\/h4>\n\t<div class=\"form-content\">\n\t\t<div class=\"form-desc\">\n\t\t\t<p>Si tiene alguna pregunta, cont\u00e1ctenos y responderemos sus preguntas por correo electr\u00f3nico lo m\u00e1s r\u00e1pido posible.\n\t\t\t<\/p>\n\t\t<\/div>\n\t\t<div class=\"control-item\">\n\t\t\t<p><span class=\"wpcf7-form-control-wrap\" data-name=\"your-name\"><input size=\"40\" maxlength=\"400\" class=\"wpcf7-form-control wpcf7-text wpcf7-validates-as-required\" aria-required=\"true\" aria-invalid=\"false\" placeholder=\"Nombre...\" value=\"\" type=\"text\" name=\"your-name\" \/><\/span>\n\t\t\t<\/p>\n\t\t<\/div>\n\t\t<div class=\"control-item\">\n\t\t\t<p><span class=\"wpcf7-form-control-wrap\" data-name=\"your-email\"><input size=\"40\" maxlength=\"400\" class=\"wpcf7-form-control wpcf7-email wpcf7-validates-as-required wpcf7-text wpcf7-validates-as-email\" aria-required=\"true\" aria-invalid=\"false\" placeholder=\"Correo electr\u00f3nico.\" value=\"\" type=\"email\" name=\"your-email\" \/><\/span>\n\t\t\t<\/p>\n\t\t<\/div>\n\t\t<div class=\"control-item\">\n\t\t\t<p><span class=\"wpcf7-form-control-wrap\" data-name=\"your-message\"><textarea cols=\"40\" rows=\"10\" maxlength=\"2000\" class=\"wpcf7-form-control wpcf7-textarea wpcf7-validates-as-required\" aria-required=\"true\" aria-invalid=\"false\" placeholder=\"Tu mensaje...\" name=\"your-message\"><\/textarea><\/span>\n\t\t\t<\/p>\n\t\t<\/div>\n\t\t<div class=\"control-item\">\n\t\t\t<div class=\"form-check\">\n\t\t\t\t<p><input class=\"form-check-input bg-primary\" type=\"checkbox\" id=\"inlineCheckbox1\" value=\"option1\" \/><label class=\"form-check-label\" for=\"inlineCheckbox1\">Doy mi consentimiento para que Hotel Peperhuys recopile mis datos a trav\u00e9s de este formulario.<\/label>\n\t\t\t\t<\/p>\n\t\t\t<\/div>\n\t\t<\/div>\n\t<\/div>\n\t<div class=\"control-item-action btn-form\">\n\t\t<p><button class=\"btn btn-block\" type=\"submit\">Haz la pregunta<\/button>\n\t\t<\/p>\n\t<\/div>\n<\/div><input type='hidden' class='wpcf7-pum' value='{\"closepopup\":false,\"closedelay\":0,\"openpopup\":false,\"openpopup_id\":0}' \/><div class=\"wpcf7-response-output\" aria-hidden=\"true\"><\/div>\n<input type=\"hidden\" name=\"trp-form-language\" value=\"es\"\/><\/form>\n<\/div>\n \r\n<\/div>\t\t\t\t<\/div>\n\t\t\t\t<\/div>\n\t\t                    <\/div>\r\n        <\/div>\r\n        \t\t\t<\/div>\n\t\t<\/section>\n\t\t\t\t<\/div>","protected":false},"excerpt":{"rendered":"<p>All you need to know before visiting the Efteling What time is check-in and check-out? You are welcome to check in between 15:00 and 24:00. Hotel \u2019t Peperhuys operates a self check-in system. This means that a staff member is present until 15:00, and from that moment on you can check in yourself using the [&hellip;]<\/p>\n","protected":false},"author":1,"featured_media":0,"parent":0,"menu_order":0,"comment_status":"closed","ping_status":"closed","template":"","meta":{"footnotes":""},"class_list":["post-1057","page","type-page","status-publish","hentry"],"_links":{"self":[{"href":"https:\/\/hotelpeperhuys.nl\/es\/wp-json\/wp\/v2\/pages\/1057","targetHints":{"allow":["GET"]}}],"collection":[{"href":"https:\/\/hotelpeperhuys.nl\/es\/wp-json\/wp\/v2\/pages"}],"about":[{"href":"https:\/\/hotelpeperhuys.nl\/es\/wp-json\/wp\/v2\/types\/page"}],"author":[{"embeddable":true,"href":"https:\/\/hotelpeperhuys.nl\/es\/wp-json\/wp\/v2\/users\/1"}],"replies":[{"embeddable":true,"href":"https:\/\/hotelpeperhuys.nl\/es\/wp-json\/wp\/v2\/comments?post=1057"}],"version-history":[{"count":25,"href":"https:\/\/hotelpeperhuys.nl\/es\/wp-json\/wp\/v2\/pages\/1057\/revisions"}],"predecessor-version":[{"id":20882,"href":"https:\/\/hotelpeperhuys.nl\/es\/wp-json\/wp\/v2\/pages\/1057\/revisions\/20882"}],"wp:attachment":[{"href":"https:\/\/hotelpeperhuys.nl\/es\/wp-json\/wp\/v2\/media?parent=1057"}],"curies":[{"name":"wp","href":"https:\/\/api.w.org\/{rel}","templated":true}]}}