{"id":1057,"date":"2022-09-08T03:58:13","date_gmt":"2022-09-08T03:58:13","guid":{"rendered":"https:\/\/demo.7iquid.com\/carmelina\/?page_id=1057"},"modified":"2026-04-03T13:29:06","modified_gmt":"2026-04-03T13:29:06","slug":"hifragen","status":"publish","type":"page","link":"https:\/\/hotelpeperhuys.nl\/de\/faqs\/","title":{"rendered":"FAQs"},"content":{"rendered":"<div data-elementor-type=\"wp-page\" data-elementor-id=\"1057\" class=\"elementor elementor-1057\">\n\t\t\t\t        <section class=\"elementor-section elementor-top-section elementor-element elementor-element-4b1ace5 elementor-section-boxed elementor-section-height-default elementor-section-height-default pxl-section-static-pos-no pxl-section-overflow-hidden-no pxl-container-margin-auto-no\" data-id=\"4b1ace5\" data-element_type=\"section\" data-e-type=\"section\">\n\n                \n                <div class=\"elementor-container elementor-column-gap-default\">\n                <div class=\"elementor-column elementor-col-100 elementor-top-column elementor-element elementor-element-3109700 col-offset-none pxl-column-element-default pxl-column-overflow-hidden-no\" data-id=\"3109700\" data-element_type=\"column\" data-e-type=\"column\">\r\n        <div class=\"elementor-widget-wrap elementor-element-populated\">\r\n                            <section class=\"elementor-section elementor-inner-section elementor-element elementor-element-9850bd3 elementor-section-content-middle elementor-section-boxed elementor-section-height-default elementor-section-height-default pxl-section-static-pos-no pxl-section-overflow-hidden-no pxl-container-margin-auto-no\" data-id=\"9850bd3\" data-element_type=\"section\" data-e-type=\"section\">\n\n                \n                <div class=\"elementor-container elementor-column-gap-default\">\n                <div class=\"elementor-column elementor-col-50 elementor-inner-column elementor-element elementor-element-dbea91e pxl-column-element-auto col-offset-none pxl-column-overflow-hidden-no\" data-id=\"dbea91e\" data-element_type=\"column\" data-e-type=\"column\">\r\n        <div class=\"elementor-widget-wrap elementor-element-populated\">\r\n                    \t\t<div class=\"elementor-element elementor-element-e92497e elementor-view-stacked elementor-shape-square d-inline-flex p-sm-10 elementor-widget elementor-widget-icon\" data-id=\"e92497e\" data-element_type=\"widget\" data-e-type=\"widget\" data-widget_type=\"icon.default\">\n\t\t\t\t\t\t\t<div class=\"elementor-icon-wrapper\">\n\t\t\t<div class=\"elementor-icon\">\n\t\t\t<i aria-hidden=\"true\" class=\"pxli pxli-star-o\"><\/i>\t\t\t<\/div>\n\t\t<\/div>\n\t\t\t\t\t\t<\/div>\n\t\t                    <\/div>\r\n        <\/div>\r\n                <div class=\"elementor-column elementor-col-50 elementor-inner-column elementor-element elementor-element-f685d9d pxl-column-element-grow col-offset-none pxl-column-overflow-hidden-no\" data-id=\"f685d9d\" data-element_type=\"column\" data-e-type=\"column\">\r\n        <div class=\"elementor-widget-wrap elementor-element-populated\">\r\n                    \t\t<div class=\"elementor-element elementor-element-115f483 elementor-widget__width-auto elementor-widget elementor-widget-pxl_heading\" data-id=\"115f483\" data-element_type=\"widget\" data-e-type=\"widget\" data-widget_type=\"pxl_heading.default\">\n\t\t\t\t<div class=\"elementor-widget-container\">\n\t\t\t\t\t<div class=\"pxl-heading-wrap d-flex\">\n    <div class=\"pxl-heading-inner\">\n                <h3 class=\"heading-title\">\n                        Alles, was Sie wissen m\u00fcssen, bevor Sie den Efteling besuchen         <\/h3>\n            <\/div>\n<\/div>\n\n\t\t\t\t<\/div>\n\t\t\t\t<\/div>\n\t\t                    <\/div>\r\n        <\/div>\r\n        \t\t\t<\/div>\n\t\t<\/section>\n\t\t                    <\/div>\r\n        <\/div>\r\n        \t\t\t<\/div>\n\t\t<\/section>\n\t\t        <section class=\"elementor-section elementor-top-section elementor-element elementor-element-327962b elementor-section-boxed elementor-section-height-default elementor-section-height-default pxl-section-static-pos-no pxl-section-overflow-hidden-no pxl-container-margin-auto-no\" data-id=\"327962b\" data-element_type=\"section\" data-e-type=\"section\">\n\n                \n                <div class=\"elementor-container elementor-column-gap-default\">\n                <div class=\"elementor-column elementor-col-50 elementor-top-column elementor-element elementor-element-507189d col-offset-none pxl-column-element-default pxl-column-overflow-hidden-no\" data-id=\"507189d\" data-element_type=\"column\" data-e-type=\"column\">\r\n        <div class=\"elementor-widget-wrap elementor-element-populated\">\r\n                    \t\t<div class=\"pxl-border-wg-anm elementor-element elementor-element-ce242be elementor-widget elementor-widget-pxl_accordion\" data-id=\"ce242be\" data-element_type=\"widget\" data-e-type=\"widget\" data-widget_type=\"pxl_accordion.default\">\n\t\t\t\t<div class=\"elementor-widget-container\">\n\t\t\t\t\t<div class=\"pxl-border-animated num-0\">\r\n        <div class=\"pxl-border-anm bt w-100\" style=\"--bd-width: px 0 0 0; border-style: ; border-color: ;\"><\/div>\r\n        <div class=\"pxl-border-anm br h-100\" style=\"--bd-width: 0 px 0 0; border-style: ; border-color: ;\"><\/div>\r\n        <div class=\"pxl-border-anm bb w-100\" style=\"--bd-width: 0 0 px 0; border-style: ; border-color: ;\"><\/div>\r\n        <div class=\"pxl-border-anm bl h-100\" style=\"--bd-width: 0 0 0 px; border-style: ; border-color: ;\"><\/div>\r\n        <\/div>    <div id=\"pxl_accordion-ce242be-3131\" class=\"pxl-accordion style1\">\r\n                    <div class=\"ac-item active\" data-target=\"#d6d739cpxl_accordion-ce242be-3131\"> \r\n                <div class=\"ac-title-wrap\">\r\n                    <a class=\"ac-title d-flex align-items-center\">\r\n                        <span class=\"col\">Um wie viel Uhr ist Check-in und Check-out?<\/span>\r\n                        <i class=\"pxl-icon zmdi zmdi-plus col-auto\"><\/i>\r\n                    <\/a>\r\n                <\/div>\r\n                <div id=\"d6d739cpxl_accordion-ce242be-3131\" class=\"ac-content\" style=\"display:block;\">Sie k\u00f6nnen jederzeit zwischen 15:00 und 24:00 Uhr einchecken. Das Hotel \u2019t Peperhuys arbeitet mit einem Self-Check-in-System. Das bedeutet, dass bis 15:00 Uhr ein Mitarbeiter anwesend ist, und ab diesem Zeitpunkt k\u00f6nnen Sie sich selbst mithilfe des Codes einchecken, den Sie vor Anreise erhalten. Wir haben uns f\u00fcr dieses System entschieden, da viele G\u00e4ste, die den Efteling besuchen, nach Schlie\u00dfung des Parks, oft nach dem Abendessen, ins Hotel zur\u00fcckkehren.<br \/>\n<br \/>\nWenn Sie am Ankunftstag den Efteling besuchen m\u00f6chten, k\u00f6nnen Sie Ihre Tickets vor Park\u00f6ffnung im Hotel abholen. Wir werden Sie zu diesem Zeitpunkt auch einchecken und Sie k\u00f6nnen Ihr Gep\u00e4ck bei uns abgeben \u2013 wir sorgen daf\u00fcr, dass es sicher in Ihrem Zimmer untergebracht wird.<br \/>\n<br \/>\nDer Check-out ist vor 11:00 Uhr<br \/>\n<\/div>\r\n            <\/div>\r\n                    <div class=\"ac-item\" data-target=\"#cfd575apxl_accordion-ce242be-3131\"> \r\n                <div class=\"ac-title-wrap\">\r\n                    <a class=\"ac-title d-flex align-items-center\">\r\n                        <span class=\"col\">Muss ich mein Efteling-Besuchsdatum bei der Buchung des Efteling-Angebots w\u00e4hlen?<\/span>\r\n                        <i class=\"pxl-icon zmdi zmdi-plus col-auto\"><\/i>\r\n                    <\/a>\r\n                <\/div>\r\n                <div id=\"cfd575apxl_accordion-ce242be-3131\" class=\"ac-content\">Nein, das ist nicht notwendig. Sobald Sie im Hotel ankommen, werden wir Ihre Tickets sofort f\u00fcr Sie arrangieren. Wenn Sie planen, den Park an Ihrem Anreisetag zu besuchen, k\u00f6nnen Sie Ihre Tickets vor \u00d6ffnungszeiten im Hotel abholen.<\/div>\r\n            <\/div>\r\n                    <div class=\"ac-item\" data-target=\"#fe464ffpxl_accordion-ce242be-3131\"> \r\n                <div class=\"ac-title-wrap\">\r\n                    <a class=\"ac-title d-flex align-items-center\">\r\n                        <span class=\"col\">Ich habe eine Anzahlung von 50% f\u00fcr mein Efteling-Arrangement geleistet. Was passiert, wenn ich nicht kommen kann?<\/span>\r\n                        <i class=\"pxl-icon zmdi zmdi-plus col-auto\"><\/i>\r\n                    <\/a>\r\n                <\/div>\r\n                <div id=\"fe464ffpxl_accordion-ce242be-3131\" class=\"ac-content\">Wenn Sie nicht kommen k\u00f6nnen, wird Ihre Anzahlung automatisch zur\u00fcckerstattet.<br \/>\n<\/div>\r\n            <\/div>\r\n                    <div class=\"ac-item\" data-target=\"#e7f30aapxl_accordion-ce242be-3131\"> \r\n                <div class=\"ac-title-wrap\">\r\n                    <a class=\"ac-title d-flex align-items-center\">\r\n                        <span class=\"col\">Von wann bis wann wird das Fr\u00fchst\u00fcck serviert?<\/span>\r\n                        <i class=\"pxl-icon zmdi zmdi-plus col-auto\"><\/i>\r\n                    <\/a>\r\n                <\/div>\r\n                <div id=\"e7f30aapxl_accordion-ce242be-3131\" class=\"ac-content\">Das Fr\u00fchst\u00fcck wird von 20:00 bis 22:00 Uhr serviert.<\/div>\r\n            <\/div>\r\n                    <div class=\"ac-item\" data-target=\"#692a217pxl_accordion-ce242be-3131\"> \r\n                <div class=\"ac-title-wrap\">\r\n                    <a class=\"ac-title d-flex align-items-center\">\r\n                        <span class=\"col\">Ab welchem Alter ben\u00f6tigt unser Kind eine Eintrittskarte f\u00fcr den Efteling?<\/span>\r\n                        <i class=\"pxl-icon zmdi zmdi-plus col-auto\"><\/i>\r\n                    <\/a>\r\n                <\/div>\r\n                <div id=\"692a217pxl_accordion-ce242be-3131\" class=\"ac-content\">Kinder von 0 bis 3 Jahren k\u00f6nnen den Efteling kostenlos genie\u00dfen, wie toll ist das denn? Sobald sie 4 Jahre alt werden, ben\u00f6tigen sie eine Eintrittskarte. Stellen Sie sicher, dass Sie ihr Alter w\u00e4hrend des Reservierungsvorgangs angeben, um sicherzustellen, dass alles f\u00fcr Ihren Besuch bereit ist!<\/div>\r\n            <\/div>\r\n                    <div class=\"ac-item\" data-target=\"#62cd694pxl_accordion-ce242be-3131\"> \r\n                <div class=\"ac-title-wrap\">\r\n                    <a class=\"ac-title d-flex align-items-center\">\r\n                        <span class=\"col\">Kann ich zum Efteling laufen?<\/span>\r\n                        <i class=\"pxl-icon zmdi zmdi-plus col-auto\"><\/i>\r\n                    <\/a>\r\n                <\/div>\r\n                <div id=\"62cd694pxl_accordion-ce242be-3131\" class=\"ac-content\">Unser Hotel liegt im Herzen von Kaatsheuvel, nur 15 Gehminuten vom Efteling entfernt. Sie m\u00f6chten nicht laufen? Gerne weisen wir Ihnen einen kostenlosen Parkplatz in nur 8 Gehminuten Entfernung zu \u2013 diese Information finden Sie auch in Ihrer Online-Check-in-E-Mail.<br \/>\n<\/div>\r\n            <\/div>\r\n            <\/div>\r\n\t\t\t\t<\/div>\n\t\t\t\t<\/div>\n\t\t                    <\/div>\r\n        <\/div>\r\n                <div class=\"elementor-column elementor-col-50 elementor-top-column elementor-element elementor-element-492a30b col-offset-none pxl-column-element-default pxl-column-overflow-hidden-no\" data-id=\"492a30b\" data-element_type=\"column\" data-e-type=\"column\">\r\n        <div class=\"elementor-widget-wrap elementor-element-populated\">\r\n                    \t\t<div class=\"elementor-element elementor-element-22c85a7 elementor-widget elementor-widget-pxl_contact_form\" data-id=\"22c85a7\" data-element_type=\"widget\" data-e-type=\"widget\" data-widget_type=\"pxl_contact_form.default\">\n\t\t\t\t<div class=\"elementor-widget-container\">\n\t\t\t\t\t<div class=\"pxl-cf7-wrap relative\">\r\n    \n<div class=\"wpcf7 no-js\" id=\"wpcf7-f1091-o1\" lang=\"en-US\" dir=\"ltr\" data-wpcf7-id=\"1091\">\n<div class=\"screen-reader-response\"><p role=\"status\" aria-live=\"polite\" aria-atomic=\"true\"><\/p> <ul><\/ul><\/div>\n<form action=\"\/de\/wp-json\/wp\/v2\/pages\/1057#wpcf7-f1091-o1\" method=\"post\" class=\"wpcf7-form init\" aria-label=\"Contact form\" novalidate=\"novalidate\" data-status=\"init\" data-trp-original-action=\"\/de\/wp-json\/wp\/v2\/pages\/1057#wpcf7-f1091-o1\">\n<fieldset class=\"hidden-fields-container\"><input type=\"hidden\" name=\"_wpcf7\" value=\"1091\" \/><input type=\"hidden\" name=\"_wpcf7_version\" value=\"6.1.5\" \/><input type=\"hidden\" name=\"_wpcf7_locale\" value=\"en_US\" \/><input type=\"hidden\" name=\"_wpcf7_unit_tag\" value=\"wpcf7-f1091-o1\" \/><input type=\"hidden\" name=\"_wpcf7_container_post\" value=\"0\" \/><input type=\"hidden\" name=\"_wpcf7_posted_data_hash\" value=\"\" \/>\n<\/fieldset>\n<div class=\"contact-form-3\">\n\t<h4 class=\"form-title\">Kannst du die Antwort nicht finden? Frag uns\n\t<\/h4>\n\t<div class=\"form-content\">\n\t\t<div class=\"form-desc\">\n\t\t\t<p>Wenn Sie Fragen haben, kontaktieren Sie uns bitte. Wir werden Ihre Fragen so schnell wie m\u00f6glich per E-Mail beantworten.\n\t\t\t<\/p>\n\t\t<\/div>\n\t\t<div class=\"control-item\">\n\t\t\t<p><span class=\"wpcf7-form-control-wrap\" data-name=\"your-name\"><input size=\"40\" maxlength=\"400\" class=\"wpcf7-form-control wpcf7-text wpcf7-validates-as-required\" aria-required=\"true\" aria-invalid=\"false\" placeholder=\"Name.\" value=\"\" type=\"text\" name=\"your-name\" \/><\/span>\n\t\t\t<\/p>\n\t\t<\/div>\n\t\t<div class=\"control-item\">\n\t\t\t<p><span class=\"wpcf7-form-control-wrap\" data-name=\"your-email\"><input size=\"40\" maxlength=\"400\" class=\"wpcf7-form-control wpcf7-email wpcf7-validates-as-required wpcf7-text wpcf7-validates-as-email\" aria-required=\"true\" aria-invalid=\"false\" placeholder=\"E-Mail...\" value=\"\" type=\"email\" name=\"your-email\" \/><\/span>\n\t\t\t<\/p>\n\t\t<\/div>\n\t\t<div class=\"control-item\">\n\t\t\t<p><span class=\"wpcf7-form-control-wrap\" data-name=\"your-message\"><textarea cols=\"40\" rows=\"10\" maxlength=\"2000\" class=\"wpcf7-form-control wpcf7-textarea wpcf7-validates-as-required\" aria-required=\"true\" aria-invalid=\"false\" placeholder=\"Ihre Nachricht...\" name=\"your-message\"><\/textarea><\/span>\n\t\t\t<\/p>\n\t\t<\/div>\n\t\t<div class=\"control-item\">\n\t\t\t<div class=\"form-check\">\n\t\t\t\t<p><input class=\"form-check-input bg-primary\" type=\"checkbox\" id=\"inlineCheckbox1\" value=\"option1\" \/><label class=\"form-check-label\" for=\"inlineCheckbox1\">Ich stimme der Erfassung meiner Daten durch das Hotel Peperhuys \u00fcber dieses Formular zu.<\/label>\n\t\t\t\t<\/p>\n\t\t\t<\/div>\n\t\t<\/div>\n\t<\/div>\n\t<div class=\"control-item-action btn-form\">\n\t\t<p><button class=\"btn btn-block\" type=\"submit\">Stelle die Frage<\/button>\n\t\t<\/p>\n\t<\/div>\n<\/div><input type='hidden' class='wpcf7-pum' value='{\"closepopup\":false,\"closedelay\":0,\"openpopup\":false,\"openpopup_id\":0}' \/><div class=\"wpcf7-response-output\" aria-hidden=\"true\"><\/div>\n<input type=\"hidden\" name=\"trp-form-language\" value=\"de\"\/><\/form>\n<\/div>\n \r\n<\/div>\t\t\t\t<\/div>\n\t\t\t\t<\/div>\n\t\t                    <\/div>\r\n        <\/div>\r\n        \t\t\t<\/div>\n\t\t<\/section>\n\t\t\t\t<\/div>","protected":false},"excerpt":{"rendered":"<p>All you need to know before visiting the Efteling What time is check-in and check-out? You are welcome to check in between 15:00 and 24:00. Hotel \u2019t Peperhuys operates a self check-in system. This means that a staff member is present until 15:00, and from that moment on you can check in yourself using the [&hellip;]<\/p>\n","protected":false},"author":1,"featured_media":0,"parent":0,"menu_order":0,"comment_status":"closed","ping_status":"closed","template":"","meta":{"footnotes":""},"class_list":["post-1057","page","type-page","status-publish","hentry"],"_links":{"self":[{"href":"https:\/\/hotelpeperhuys.nl\/de\/wp-json\/wp\/v2\/pages\/1057","targetHints":{"allow":["GET"]}}],"collection":[{"href":"https:\/\/hotelpeperhuys.nl\/de\/wp-json\/wp\/v2\/pages"}],"about":[{"href":"https:\/\/hotelpeperhuys.nl\/de\/wp-json\/wp\/v2\/types\/page"}],"author":[{"embeddable":true,"href":"https:\/\/hotelpeperhuys.nl\/de\/wp-json\/wp\/v2\/users\/1"}],"replies":[{"embeddable":true,"href":"https:\/\/hotelpeperhuys.nl\/de\/wp-json\/wp\/v2\/comments?post=1057"}],"version-history":[{"count":25,"href":"https:\/\/hotelpeperhuys.nl\/de\/wp-json\/wp\/v2\/pages\/1057\/revisions"}],"predecessor-version":[{"id":20882,"href":"https:\/\/hotelpeperhuys.nl\/de\/wp-json\/wp\/v2\/pages\/1057\/revisions\/20882"}],"wp:attachment":[{"href":"https:\/\/hotelpeperhuys.nl\/de\/wp-json\/wp\/v2\/media?parent=1057"}],"curies":[{"name":"wp","href":"https:\/\/api.w.org\/{rel}","templated":true}]}}